{"id":2324,"date":"2024-05-23T16:15:01","date_gmt":"2024-05-23T14:15:01","guid":{"rendered":"https:\/\/hotel-lesalpages.com\/reservation\/"},"modified":"2024-05-28T10:53:13","modified_gmt":"2024-05-28T08:53:13","slug":"booking","status":"publish","type":"page","link":"https:\/\/hotel-lesalpages.com\/en\/booking\/","title":{"rendered":"Booking"},"content":{"rendered":"\n<style type=\"text\/css\" data-created_by=\"avia_inline_auto\" id=\"style-css-av-1nq8x-99460d54a8316ec555c291dc690d59d6\">\n#top .flex_column.av-1nq8x-99460d54a8316ec555c291dc690d59d6{\nmargin-top:0px;\nmargin-bottom:0px;\n}\n.flex_column.av-1nq8x-99460d54a8316ec555c291dc690d59d6{\npadding:0 0 0 0;\n}\n.responsive #top #wrap_all .flex_column.av-1nq8x-99460d54a8316ec555c291dc690d59d6{\nmargin-top:0px;\nmargin-bottom:0px;\n}\n<\/style>\n<div  class='flex_column av-1nq8x-99460d54a8316ec555c291dc690d59d6 av_one_full  avia-builder-el-0  avia-builder-el-no-sibling  first flex_column_div av-animated-generic bottom-to-top av-zero-column-padding  '     ><p>\n<style type=\"text\/css\" data-created_by=\"avia_inline_auto\" id=\"style-css-av-l2k8pktv-688a5f1674790ea40b3c9450b85d8b51\">\n#top .av-special-heading.av-l2k8pktv-688a5f1674790ea40b3c9450b85d8b51{\nmargin:0 0 0 0;\npadding-bottom:0;\n}\nbody .av-special-heading.av-l2k8pktv-688a5f1674790ea40b3c9450b85d8b51 .av-special-heading-tag .heading-char{\nfont-size:25px;\n}\n#top #wrap_all .av-special-heading.av-l2k8pktv-688a5f1674790ea40b3c9450b85d8b51 .av-special-heading-tag{\npadding:0 0 0 0;\n}\n.av-special-heading.av-l2k8pktv-688a5f1674790ea40b3c9450b85d8b51 .av-subheading{\nfont-size:28px;\n}\n<\/style>\n<div  class='av-special-heading av-l2k8pktv-688a5f1674790ea40b3c9450b85d8b51 av-special-heading-h1 blockquote modern-quote  avia-builder-el-1  el_before_av_hr  avia-builder-el-first '><h1 class='av-special-heading-tag '  itemprop=\"headline\"  >Book your stay at Les Alpages<\/h1><div class=\"special-heading-border\"><div class=\"special-heading-inner-border\"><\/div><\/div><\/div><br \/>\n\n<style type=\"text\/css\" data-created_by=\"avia_inline_auto\" id=\"style-css-av-vb0t-e1f27d646d3e3cc842875b7cc60442f1\">\n#top .hr.hr-invisible.av-vb0t-e1f27d646d3e3cc842875b7cc60442f1{\nheight:20px;\n}\n<\/style>\n<div  class='hr av-vb0t-e1f27d646d3e3cc842875b7cc60442f1 hr-invisible  avia-builder-el-2  el_after_av_heading  el_before_av_codeblock '><span class='hr-inner '><span class=\"hr-inner-style\"><\/span><\/span><\/div><br \/>\n<\/p><\/div>\n","protected":false},"excerpt":{"rendered":"","protected":false},"author":1,"featured_media":0,"parent":0,"menu_order":0,"comment_status":"closed","ping_status":"closed","template":"","meta":{"footnotes":""},"class_list":["post-2324","page","type-page","status-publish","hentry"],"yoast_head":"<!-- This site is optimized with the Yoast SEO plugin v27.5 - https:\/\/yoast.com\/product\/yoast-seo-wordpress\/ -->\n<title>Booking - H\u00f4tel Les Alpages - SITE OFFICIEL - H\u00f4tel*** Restaurant dans le Jura (39) \u00e0 Bonlieu<\/title>\n<meta name=\"robots\" content=\"index, follow, max-snippet:-1, max-image-preview:large, max-video-preview:-1\" \/>\n<link rel=\"canonical\" href=\"https:\/\/hotel-lesalpages.com\/en\/booking\/\" \/>\n<meta property=\"og:locale\" content=\"en_US\" \/>\n<meta property=\"og:type\" content=\"article\" \/>\n<meta property=\"og:title\" content=\"Booking - H\u00f4tel Les Alpages - SITE OFFICIEL - H\u00f4tel*** Restaurant dans le Jura (39) \u00e0 Bonlieu\" \/>\n<meta property=\"og:url\" content=\"https:\/\/hotel-lesalpages.com\/en\/booking\/\" \/>\n<meta property=\"og:site_name\" content=\"H\u00f4tel Les Alpages - SITE OFFICIEL - H\u00f4tel*** Restaurant dans le Jura (39) \u00e0 Bonlieu\" \/>\n<meta property=\"article:publisher\" content=\"https:\/\/www.facebook.com\/Htel-Les-Alpages-102579714817700\" \/>\n<meta property=\"article:modified_time\" content=\"2024-05-28T08:53:13+00:00\" \/>\n<meta property=\"og:image\" content=\"https:\/\/hotel-lesalpages.com\/wp-content\/uploads\/2024\/01\/slide-accueil-01-1.jpg\" \/>\n\t<meta property=\"og:image:width\" content=\"960\" \/>\n\t<meta property=\"og:image:height\" content=\"450\" \/>\n\t<meta property=\"og:image:type\" content=\"image\/jpeg\" \/>\n<meta name=\"twitter:card\" content=\"summary_large_image\" \/>\n<meta name=\"twitter:label1\" content=\"Est. reading time\" \/>\n\t<meta name=\"twitter:data1\" content=\"1 minute\" \/>\n<script type=\"application\/ld+json\" class=\"yoast-schema-graph\">{\"@context\":\"https:\\\/\\\/schema.org\",\"@graph\":[{\"@type\":\"WebPage\",\"@id\":\"https:\\\/\\\/hotel-lesalpages.com\\\/en\\\/booking\\\/\",\"url\":\"https:\\\/\\\/hotel-lesalpages.com\\\/en\\\/booking\\\/\",\"name\":\"Booking - H\u00f4tel Les Alpages - SITE OFFICIEL - H\u00f4tel*** Restaurant dans le Jura (39) \u00e0 Bonlieu\",\"isPartOf\":{\"@id\":\"https:\\\/\\\/hotel-lesalpages.com\\\/en\\\/#website\"},\"datePublished\":\"2024-05-23T14:15:01+00:00\",\"dateModified\":\"2024-05-28T08:53:13+00:00\",\"breadcrumb\":{\"@id\":\"https:\\\/\\\/hotel-lesalpages.com\\\/en\\\/booking\\\/#breadcrumb\"},\"inLanguage\":\"en-US\",\"potentialAction\":[{\"@type\":\"ReadAction\",\"target\":[\"https:\\\/\\\/hotel-lesalpages.com\\\/en\\\/booking\\\/\"]}]},{\"@type\":\"BreadcrumbList\",\"@id\":\"https:\\\/\\\/hotel-lesalpages.com\\\/en\\\/booking\\\/#breadcrumb\",\"itemListElement\":[{\"@type\":\"ListItem\",\"position\":1,\"name\":\"Accueil\",\"item\":\"https:\\\/\\\/hotel-lesalpages.com\\\/en\\\/\"},{\"@type\":\"ListItem\",\"position\":2,\"name\":\"Booking\"}]},{\"@type\":\"WebSite\",\"@id\":\"https:\\\/\\\/hotel-lesalpages.com\\\/en\\\/#website\",\"url\":\"https:\\\/\\\/hotel-lesalpages.com\\\/en\\\/\",\"name\":\"H\u00f4tel Les Alpages - SITE OFFICIEL - H\u00f4tel*** Restaurant dans le Jura (39) \u00e0 Bonlieu\",\"description\":\"H\u00f4tel Restaurant 3 \u00e9toiles dans le Jura Les Alpages\",\"publisher\":{\"@id\":\"https:\\\/\\\/hotel-lesalpages.com\\\/en\\\/#organization\"},\"potentialAction\":[{\"@type\":\"SearchAction\",\"target\":{\"@type\":\"EntryPoint\",\"urlTemplate\":\"https:\\\/\\\/hotel-lesalpages.com\\\/en\\\/?s={search_term_string}\"},\"query-input\":{\"@type\":\"PropertyValueSpecification\",\"valueRequired\":true,\"valueName\":\"search_term_string\"}}],\"inLanguage\":\"en-US\"},{\"@type\":\"Organization\",\"@id\":\"https:\\\/\\\/hotel-lesalpages.com\\\/en\\\/#organization\",\"name\":\"H\u00f4tel Les Alpages - SITE OFFICIEL - H\u00f4tel*** Restaurant dans le Jura (39) \u00e0 Bonlieu\",\"alternateName\":\"Les Alpages, H\u00f4tel 3 \u00e9toiles restaurant \u00e0 Bonlieu dans le Jura\",\"url\":\"https:\\\/\\\/hotel-lesalpages.com\\\/en\\\/\",\"logo\":{\"@type\":\"ImageObject\",\"inLanguage\":\"en-US\",\"@id\":\"https:\\\/\\\/hotel-lesalpages.com\\\/en\\\/#\\\/schema\\\/logo\\\/image\\\/\",\"url\":\"https:\\\/\\\/hotel-lesalpages.com\\\/wp-content\\\/uploads\\\/2024\\\/05\\\/Logo-Les-Alpages.jpg\",\"contentUrl\":\"https:\\\/\\\/hotel-lesalpages.com\\\/wp-content\\\/uploads\\\/2024\\\/05\\\/Logo-Les-Alpages.jpg\",\"width\":532,\"height\":254,\"caption\":\"H\u00f4tel Les Alpages - SITE OFFICIEL - H\u00f4tel*** Restaurant dans le Jura (39) \u00e0 Bonlieu\"},\"image\":{\"@id\":\"https:\\\/\\\/hotel-lesalpages.com\\\/en\\\/#\\\/schema\\\/logo\\\/image\\\/\"},\"sameAs\":[\"https:\\\/\\\/www.facebook.com\\\/Htel-Les-Alpages-102579714817700\",\"https:\\\/\\\/instagram.com\\\/hotel_les_alpages\"]}]}<\/script>\n<!-- \/ Yoast SEO plugin. -->","yoast_head_json":{"title":"Booking - H\u00f4tel Les Alpages - SITE OFFICIEL - H\u00f4tel*** Restaurant dans le Jura (39) \u00e0 Bonlieu","robots":{"index":"index","follow":"follow","max-snippet":"max-snippet:-1","max-image-preview":"max-image-preview:large","max-video-preview":"max-video-preview:-1"},"canonical":"https:\/\/hotel-lesalpages.com\/en\/booking\/","og_locale":"en_US","og_type":"article","og_title":"Booking - H\u00f4tel Les Alpages - SITE OFFICIEL - H\u00f4tel*** Restaurant dans le Jura (39) \u00e0 Bonlieu","og_url":"https:\/\/hotel-lesalpages.com\/en\/booking\/","og_site_name":"H\u00f4tel Les Alpages - SITE OFFICIEL - H\u00f4tel*** Restaurant dans le Jura (39) \u00e0 Bonlieu","article_publisher":"https:\/\/www.facebook.com\/Htel-Les-Alpages-102579714817700","article_modified_time":"2024-05-28T08:53:13+00:00","og_image":[{"width":960,"height":450,"url":"https:\/\/hotel-lesalpages.com\/wp-content\/uploads\/2024\/01\/slide-accueil-01-1.jpg","type":"image\/jpeg"}],"twitter_card":"summary_large_image","twitter_misc":{"Est. reading time":"1 minute"},"schema":{"@context":"https:\/\/schema.org","@graph":[{"@type":"WebPage","@id":"https:\/\/hotel-lesalpages.com\/en\/booking\/","url":"https:\/\/hotel-lesalpages.com\/en\/booking\/","name":"Booking - H\u00f4tel Les Alpages - SITE OFFICIEL - H\u00f4tel*** Restaurant dans le Jura (39) \u00e0 Bonlieu","isPartOf":{"@id":"https:\/\/hotel-lesalpages.com\/en\/#website"},"datePublished":"2024-05-23T14:15:01+00:00","dateModified":"2024-05-28T08:53:13+00:00","breadcrumb":{"@id":"https:\/\/hotel-lesalpages.com\/en\/booking\/#breadcrumb"},"inLanguage":"en-US","potentialAction":[{"@type":"ReadAction","target":["https:\/\/hotel-lesalpages.com\/en\/booking\/"]}]},{"@type":"BreadcrumbList","@id":"https:\/\/hotel-lesalpages.com\/en\/booking\/#breadcrumb","itemListElement":[{"@type":"ListItem","position":1,"name":"Accueil","item":"https:\/\/hotel-lesalpages.com\/en\/"},{"@type":"ListItem","position":2,"name":"Booking"}]},{"@type":"WebSite","@id":"https:\/\/hotel-lesalpages.com\/en\/#website","url":"https:\/\/hotel-lesalpages.com\/en\/","name":"H\u00f4tel Les Alpages - SITE OFFICIEL - H\u00f4tel*** Restaurant dans le Jura (39) \u00e0 Bonlieu","description":"H\u00f4tel Restaurant 3 \u00e9toiles dans le Jura Les Alpages","publisher":{"@id":"https:\/\/hotel-lesalpages.com\/en\/#organization"},"potentialAction":[{"@type":"SearchAction","target":{"@type":"EntryPoint","urlTemplate":"https:\/\/hotel-lesalpages.com\/en\/?s={search_term_string}"},"query-input":{"@type":"PropertyValueSpecification","valueRequired":true,"valueName":"search_term_string"}}],"inLanguage":"en-US"},{"@type":"Organization","@id":"https:\/\/hotel-lesalpages.com\/en\/#organization","name":"H\u00f4tel Les Alpages - SITE OFFICIEL - H\u00f4tel*** Restaurant dans le Jura (39) \u00e0 Bonlieu","alternateName":"Les Alpages, H\u00f4tel 3 \u00e9toiles restaurant \u00e0 Bonlieu dans le Jura","url":"https:\/\/hotel-lesalpages.com\/en\/","logo":{"@type":"ImageObject","inLanguage":"en-US","@id":"https:\/\/hotel-lesalpages.com\/en\/#\/schema\/logo\/image\/","url":"https:\/\/hotel-lesalpages.com\/wp-content\/uploads\/2024\/05\/Logo-Les-Alpages.jpg","contentUrl":"https:\/\/hotel-lesalpages.com\/wp-content\/uploads\/2024\/05\/Logo-Les-Alpages.jpg","width":532,"height":254,"caption":"H\u00f4tel Les Alpages - SITE OFFICIEL - H\u00f4tel*** Restaurant dans le Jura (39) \u00e0 Bonlieu"},"image":{"@id":"https:\/\/hotel-lesalpages.com\/en\/#\/schema\/logo\/image\/"},"sameAs":["https:\/\/www.facebook.com\/Htel-Les-Alpages-102579714817700","https:\/\/instagram.com\/hotel_les_alpages"]}]}},"_links":{"self":[{"href":"https:\/\/hotel-lesalpages.com\/en\/wp-json\/wp\/v2\/pages\/2324","targetHints":{"allow":["GET"]}}],"collection":[{"href":"https:\/\/hotel-lesalpages.com\/en\/wp-json\/wp\/v2\/pages"}],"about":[{"href":"https:\/\/hotel-lesalpages.com\/en\/wp-json\/wp\/v2\/types\/page"}],"author":[{"embeddable":true,"href":"https:\/\/hotel-lesalpages.com\/en\/wp-json\/wp\/v2\/users\/1"}],"replies":[{"embeddable":true,"href":"https:\/\/hotel-lesalpages.com\/en\/wp-json\/wp\/v2\/comments?post=2324"}],"version-history":[{"count":0,"href":"https:\/\/hotel-lesalpages.com\/en\/wp-json\/wp\/v2\/pages\/2324\/revisions"}],"wp:attachment":[{"href":"https:\/\/hotel-lesalpages.com\/en\/wp-json\/wp\/v2\/media?parent=2324"}],"curies":[{"name":"wp","href":"https:\/\/api.w.org\/{rel}","templated":true}]}}