{"id":2318,"date":"2014-09-26T17:23:32","date_gmt":"2014-09-26T15:23:32","guid":{"rendered":"https:\/\/hotel-lesalpages.com\/les-alpages\/"},"modified":"2024-12-02T14:50:29","modified_gmt":"2024-12-02T13:50:29","slug":"les-alpages","status":"publish","type":"page","link":"https:\/\/hotel-lesalpages.com\/en\/les-alpages\/","title":{"rendered":"Les Alpages"},"content":{"rendered":"<div id='full_slider_1'  class='avia-fullwidth-slider main_color avia-shadow   avia-builder-el-0  el_before_av_heading  avia-builder-el-first   container_wrap fullsize'  >\n<style type=\"text\/css\" data-created_by=\"avia_inline_auto\" id=\"style-css-av-jfas9-dcf3d359350d1d145f6395bc421e8d8c\">\n@keyframes av_slideshow_img_scale_av-jfas9-dcf3d359350d1d145f6395bc421e8d8c {\n   0% { transform: scale(1.25); opacity: 1; }\n 100% { transform: scale(1.1); opacity: 1; }\n}\n.avia-slideshow.av-jfas9-dcf3d359350d1d145f6395bc421e8d8c .avia-slideshow-slide.next-active-slide img{\nanimation:av_slideshow_img_scale_av-jfas9-dcf3d359350d1d145f6395bc421e8d8c 4s 1 ease-in-out;\ntransform:scale(1.1);\nopacity:1;\n}\n<\/style>\n<div  class='avia-slideshow av-jfas9-dcf3d359350d1d145f6395bc421e8d8c avia-slideshow-no scaling av_slideshow_full avia-fade-slider av-slideshow-ui av-control-default av-slideshow-autoplay av-loop-endless av-loop-manual-endless av-default-height-applied   avia-slideshow-1' data-slideshow-options=\"{&quot;animation&quot;:&quot;fade&quot;,&quot;autoplay&quot;:true,&quot;loop_autoplay&quot;:&quot;endless&quot;,&quot;interval&quot;:4,&quot;loop_manual&quot;:&quot;manual-endless&quot;,&quot;autoplay_stopper&quot;:false,&quot;noNavigation&quot;:false,&quot;bg_slider&quot;:false,&quot;keep_padding&quot;:false,&quot;hoverpause&quot;:false,&quot;show_slide_delay&quot;:0}\"  itemprop=\"image\" itemscope=\"itemscope\" itemtype=\"https:\/\/schema.org\/ImageObject\" ><ul class='avia-slideshow-inner ' style='padding-bottom: 46.875%;'><li  class='avia-slideshow-slide av-jfas9-dcf3d359350d1d145f6395bc421e8d8c__0  slide-1 slide-odd'><div data-rel='slideshow-1' class='avia-slide-wrap '   ><img src='https:\/\/hotel-lesalpages.com\/wp-content\/uploads\/2024\/01\/slide-accueil-01-1.jpg' width='960' height='450' title='slide-accueil-01' alt=''  itemprop=\"thumbnailUrl\"   \/><\/div><\/li><li  class='avia-slideshow-slide av-jfas9-dcf3d359350d1d145f6395bc421e8d8c__1  slide-2 slide-even'><div data-rel='slideshow-1' class='avia-slide-wrap '   ><img src='https:\/\/hotel-lesalpages.com\/wp-content\/uploads\/2024\/05\/slide-2024-03.jpg' width='1200' height='563' title='slide-2024-03' alt=''  itemprop=\"thumbnailUrl\"   \/><\/div><\/li><li  class='avia-slideshow-slide av-jfas9-dcf3d359350d1d145f6395bc421e8d8c__2  slide-3 slide-odd'><div data-rel='slideshow-1' class='avia-slide-wrap '   ><img src='https:\/\/hotel-lesalpages.com\/wp-content\/uploads\/2024\/05\/slide-2024-01.jpg' width='1200' height='563' title='slide-2024-01' alt=''  itemprop=\"thumbnailUrl\"   \/><\/div><\/li><li  class='avia-slideshow-slide av-jfas9-dcf3d359350d1d145f6395bc421e8d8c__3  slide-4 slide-even'><div data-rel='slideshow-1' class='avia-slide-wrap '   ><img src='https:\/\/hotel-lesalpages.com\/wp-content\/uploads\/2024\/01\/slide-accueil-06.jpg' width='960' height='450' title='slide-accueil-06' alt=''  itemprop=\"thumbnailUrl\"   \/><\/div><\/li><li  class='avia-slideshow-slide av-jfas9-dcf3d359350d1d145f6395bc421e8d8c__4  slide-5 slide-odd'><div data-rel='slideshow-1' class='avia-slide-wrap '   ><img src='https:\/\/hotel-lesalpages.com\/wp-content\/uploads\/2024\/05\/slide-2024-02.jpg' width='1200' height='563' title='slide-2024-02' alt=''  itemprop=\"thumbnailUrl\"   \/><\/div><\/li><\/ul><div class='avia-slideshow-arrows avia-slideshow-controls' ><a href='#prev' class='prev-slide  avia-svg-icon avia-font-svg_entypo-fontello' data-av_svg_icon='left-open-big' data-av_iconset='svg_entypo-fontello' tabindex='-1' title=\"Previous\"><svg version=\"1.1\" xmlns=\"http:\/\/www.w3.org\/2000\/svg\" width=\"15\" height=\"32\" viewBox=\"0 0 15 32\" preserveAspectRatio=\"xMidYMid meet\" aria-labelledby='av-svg-title-1' aria-describedby='av-svg-desc-1' role=\"graphics-symbol\" aria-hidden=\"true\">\n<title id='av-svg-title-1'>Previous<\/title>\n<desc id='av-svg-desc-1'>Previous<\/desc>\n<path d=\"M14.464 27.84q0.832 0.832 0 1.536-0.832 0.832-1.536 0l-12.544-12.608q-0.768-0.768 0-1.6l12.544-12.608q0.704-0.832 1.536 0 0.832 0.704 0 1.536l-11.456 11.904z\"><\/path>\n<\/svg><span class='avia_hidden_link_text'>Previous<\/span><\/a><a href='#next' class='next-slide  avia-svg-icon avia-font-svg_entypo-fontello' data-av_svg_icon='right-open-big' data-av_iconset='svg_entypo-fontello' tabindex='-1' title=\"Next\"><svg version=\"1.1\" xmlns=\"http:\/\/www.w3.org\/2000\/svg\" width=\"15\" height=\"32\" viewBox=\"0 0 15 32\" preserveAspectRatio=\"xMidYMid meet\" aria-labelledby='av-svg-title-2' aria-describedby='av-svg-desc-2' role=\"graphics-symbol\" aria-hidden=\"true\">\n<title id='av-svg-title-2'>Next<\/title>\n<desc id='av-svg-desc-2'>Next<\/desc>\n<path d=\"M0.416 27.84l11.456-11.84-11.456-11.904q-0.832-0.832 0-1.536 0.832-0.832 1.536 0l12.544 12.608q0.768 0.832 0 1.6l-12.544 12.608q-0.704 0.832-1.536 0-0.832-0.704 0-1.536z\"><\/path>\n<\/svg><span class='avia_hidden_link_text'>Next<\/span><\/a><\/div><div class='avia-slideshow-dots avia-slideshow-controls'><a href='#1' class='goto-slide active' >1<\/a><a href='#2' class='goto-slide ' >2<\/a><a href='#3' class='goto-slide ' >3<\/a><a href='#4' class='goto-slide ' >4<\/a><a href='#5' class='goto-slide ' >5<\/a><\/div><\/div><\/div><div id='after_full_slider_1'  class='main_color av_default_container_wrap container_wrap fullsize'  ><div class='container av-section-cont-open' ><div class='template-page content  av-content-full alpha units'><div class='post-entry post-entry-type-page post-entry-2318'><div class='entry-content-wrapper clearfix'>\n\n<style type=\"text\/css\" data-created_by=\"avia_inline_auto\" id=\"style-css-av-l2k8pktv-15afa28eb2e604730e81c8f4d0f6915e\">\n#top .av-special-heading.av-l2k8pktv-15afa28eb2e604730e81c8f4d0f6915e{\nmargin:0 0 0 0;\npadding-bottom:20px;\n}\nbody .av-special-heading.av-l2k8pktv-15afa28eb2e604730e81c8f4d0f6915e .av-special-heading-tag .heading-char{\nfont-size:25px;\n}\n#top #wrap_all .av-special-heading.av-l2k8pktv-15afa28eb2e604730e81c8f4d0f6915e .av-special-heading-tag{\npadding:0 0 0 0;\n}\n.av-special-heading.av-l2k8pktv-15afa28eb2e604730e81c8f4d0f6915e .av-subheading{\nfont-size:15px;\n}\n<\/style>\n<div  class='av-special-heading av-l2k8pktv-15afa28eb2e604730e81c8f4d0f6915e av-special-heading-h1 blockquote modern-quote  avia-builder-el-1  el_after_av_slideshow_full  el_before_av_two_third  avia-builder-el-first '><h1 class='av-special-heading-tag '  itemprop=\"headline\"  >Les Alpages &#8211; 3-stars Hotel Restaurant in Jura<\/h1><div class=\"special-heading-border\"><div class=\"special-heading-inner-border\"><\/div><\/div><\/div>\n<div  class='flex_column av-1nq8x-11cd7801482175c5ae271022dd3116d9 av_two_third  avia-builder-el-2  el_after_av_heading  el_before_av_one_third  first flex_column_div av-animated-generic bottom-to-top  '     ><section  class='av_textblock_section av-fpjyx-0dde30f894fdecb81f050c588c4e2002 '   itemscope=\"itemscope\" itemtype=\"https:\/\/schema.org\/CreativeWork\" ><div class='avia_textblock'  itemprop=\"text\" ><h2>Welcome to Les Alpages!<\/h2>\n<p>The 3-star hotel is ideally located in the Jura, perched above the village of Bonlieu, overlooking the Ain Valley. With its excellent exposure, it enjoys maximum sunlight.<\/p>\n<h3>Start your hikes directly from the hotel (GR 559)<\/h3>\n<p>Explore medieval walks (Randofiches and IGN maps available at the hotel).<\/p>\n<\/div><\/section><br \/>\n\n<style type=\"text\/css\" data-created_by=\"avia_inline_auto\" id=\"style-css-av-lrum7l9h-1a50fbfea7462335807cd61b524f8c6b\">\n.avia-image-container.av-lrum7l9h-1a50fbfea7462335807cd61b524f8c6b img.avia_image{\nbox-shadow:none;\n}\n.avia-image-container.av-lrum7l9h-1a50fbfea7462335807cd61b524f8c6b .av-image-caption-overlay-center{\ncolor:#ffffff;\n}\n<\/style>\n<div  class='avia-image-container av-lrum7l9h-1a50fbfea7462335807cd61b524f8c6b av-styling- avia-align-left  avia-builder-el-4  el_after_av_textblock  el_before_av_hr '   itemprop=\"image\" itemscope=\"itemscope\" itemtype=\"https:\/\/schema.org\/ImageObject\" ><div class=\"avia-image-container-inner\"><div class=\"avia-image-overlay-wrap\"><img class='avia_image ' src='https:\/\/hotel-lesalpages.com\/wp-content\/uploads\/2024\/01\/bord-du-lac.jpg' alt='' title='bord-du-lac'  height=\"394\" width=\"590\"  itemprop=\"thumbnailUrl\"  \/><\/div><\/div><\/div><br \/>\n\n<style type=\"text\/css\" data-created_by=\"avia_inline_auto\" id=\"style-css-av-vb0t-e1f27d646d3e3cc842875b7cc60442f1\">\n#top .hr.hr-invisible.av-vb0t-e1f27d646d3e3cc842875b7cc60442f1{\nheight:20px;\n}\n<\/style>\n<div  class='hr av-vb0t-e1f27d646d3e3cc842875b7cc60442f1 hr-invisible  avia-builder-el-5  el_after_av_image  el_before_av_textblock '><span class='hr-inner '><span class=\"hr-inner-style\"><\/span><\/span><\/div><br \/>\n<section  class='av_textblock_section av-l2k758gt-6ff5dfd044eeed1a9d54d57bca1d3e76 '   itemscope=\"itemscope\" itemtype=\"https:\/\/schema.org\/CreativeWork\" ><div class='avia_textblock'  itemprop=\"text\" ><h3>Discover our region<\/h3>\n<p>A land of mountains, lakes, and waterfalls awaits you.<br \/>\nAbout fifteen lakes are scattered throughout the area, waiting for you to find the one that enchants you the most.<br \/>\nAlongside the preserved nature, people live who are dedicated to preserving their craftsmanship and gastronomy.<br \/>\nThe &#8220;Pays lacs et petite montagne&#8221; is also a vibrant territory to discover on foot, by bike, on horseback, by boat, or by canoe.<br \/>\nIt is also a land of legends and history, with its churches and archaeological sites.<\/p>\n<\/div><\/section><\/p><\/div>\n<div  class='flex_column av-y81d-026063d5fb5b0dd86c0dd8f95103343a av_one_third  avia-builder-el-7  el_after_av_two_third  avia-builder-el-last  flex_column_div av-animated-generic bottom-to-top  '     ><p>\n<style type=\"text\/css\" data-created_by=\"avia_inline_auto\" id=\"style-css-av-lwja4w8q-68002d47569493f0143dcf7c991363fe\">\n.avia-image-container.av-lwja4w8q-68002d47569493f0143dcf7c991363fe img.avia_image{\nbox-shadow:none;\n}\n.avia-image-container.av-lwja4w8q-68002d47569493f0143dcf7c991363fe .av-image-caption-overlay-center{\ncolor:#ffffff;\n}\n<\/style>\n<div  class='avia-image-container av-lwja4w8q-68002d47569493f0143dcf7c991363fe av-styling- avia-align-left  avia-builder-el-8  el_before_av_hr  avia-builder-el-first '   itemprop=\"image\" itemscope=\"itemscope\" itemtype=\"https:\/\/schema.org\/ImageObject\" ><div class=\"avia-image-container-inner\"><div class=\"avia-image-overlay-wrap\"><img class='avia_image ' src='https:\/\/hotel-lesalpages.com\/wp-content\/uploads\/2024\/05\/logo-tables-et-auberges-de-france-2.jpg' alt='' title='logo-tables-et-auberges-de-france-2'  height=\"242\" width=\"174\"  itemprop=\"thumbnailUrl\"  \/><\/div><\/div><\/div><br \/>\n\n<style type=\"text\/css\" data-created_by=\"avia_inline_auto\" id=\"style-css-av-lrumi5rp-b3140fb978c300e8fd2a0bdf03a447c9\">\n#top .hr.hr-invisible.av-lrumi5rp-b3140fb978c300e8fd2a0bdf03a447c9{\nheight:20px;\n}\n<\/style>\n<div  class='hr av-lrumi5rp-b3140fb978c300e8fd2a0bdf03a447c9 hr-invisible  avia-builder-el-9  el_after_av_image  el_before_av_textblock '><span class='hr-inner '><span class=\"hr-inner-style\"><\/span><\/span><\/div><br \/>\n<section  class='av_textblock_section av-lrumgsre-5c6a173e30215501d6d6c94bc4384a24 '   itemscope=\"itemscope\" itemtype=\"https:\/\/schema.org\/CreativeWork\" ><div class='avia_textblock'  itemprop=\"text\" ><h3>Les Alpages and the environment<\/h3>\n<p>Aware of the need to protect our planet, we are committed to sustainable development to reduce the impact of our activities on the environment while ensuring greater comfort for you.<br \/>\nTo this end, we have implemented several actions that you can discover during your stay:<br \/>\n&#8211; Water-efficient management,<br \/>\n&#8211; Energy-efficient management,<br \/>\n&#8211; Waste reduction,<br \/>\n&#8211; Support for local and organic agriculture.<br \/>\nDuring your stay, you can also be part of our environmental initiative.<br \/>\nEco-responsibility is highlighted with a distinction of 3 Green Toques and Gourmet Breakfasts from Tables et Auberges de France.<\/p>\n<p>.<\/p>\n<\/div><\/section><\/p><\/div>\n","protected":false},"excerpt":{"rendered":"","protected":false},"author":1,"featured_media":0,"parent":0,"menu_order":0,"comment_status":"closed","ping_status":"closed","template":"","meta":{"footnotes":""},"class_list":["post-2318","page","type-page","status-publish","hentry"],"yoast_head":"<!-- This site is optimized with the Yoast SEO plugin v27.5 - https:\/\/yoast.com\/product\/yoast-seo-wordpress\/ -->\n<title>Les Alpages - H\u00f4tel Les Alpages - SITE OFFICIEL - H\u00f4tel*** Restaurant dans le Jura (39) \u00e0 Bonlieu<\/title>\n<meta name=\"robots\" content=\"index, follow, max-snippet:-1, max-image-preview:large, max-video-preview:-1\" \/>\n<link rel=\"canonical\" href=\"https:\/\/hotel-lesalpages.com\/en\/les-alpages\/\" \/>\n<meta property=\"og:locale\" content=\"en_US\" \/>\n<meta property=\"og:type\" content=\"article\" \/>\n<meta property=\"og:title\" content=\"Les Alpages - H\u00f4tel Les Alpages - SITE OFFICIEL - H\u00f4tel*** Restaurant dans le Jura (39) \u00e0 Bonlieu\" \/>\n<meta property=\"og:url\" content=\"https:\/\/hotel-lesalpages.com\/en\/les-alpages\/\" \/>\n<meta property=\"og:site_name\" content=\"H\u00f4tel Les Alpages - SITE OFFICIEL - H\u00f4tel*** Restaurant dans le Jura (39) \u00e0 Bonlieu\" \/>\n<meta property=\"article:publisher\" content=\"https:\/\/www.facebook.com\/Htel-Les-Alpages-102579714817700\" \/>\n<meta property=\"article:modified_time\" content=\"2024-12-02T13:50:29+00:00\" \/>\n<meta property=\"og:image\" content=\"https:\/\/hotel-lesalpages.com\/wp-content\/uploads\/2024\/01\/slide-accueil-01-1.jpg\" \/>\n\t<meta property=\"og:image:width\" content=\"960\" \/>\n\t<meta property=\"og:image:height\" content=\"450\" \/>\n\t<meta property=\"og:image:type\" content=\"image\/jpeg\" \/>\n<meta name=\"twitter:card\" content=\"summary_large_image\" \/>\n<meta name=\"twitter:label1\" content=\"Est. reading time\" \/>\n\t<meta name=\"twitter:data1\" content=\"3 minutes\" \/>\n<script type=\"application\/ld+json\" class=\"yoast-schema-graph\">{\"@context\":\"https:\\\/\\\/schema.org\",\"@graph\":[{\"@type\":\"WebPage\",\"@id\":\"https:\\\/\\\/hotel-lesalpages.com\\\/en\\\/les-alpages\\\/\",\"url\":\"https:\\\/\\\/hotel-lesalpages.com\\\/en\\\/les-alpages\\\/\",\"name\":\"Les Alpages - H\u00f4tel Les Alpages - SITE OFFICIEL - H\u00f4tel*** Restaurant dans le Jura (39) \u00e0 Bonlieu\",\"isPartOf\":{\"@id\":\"https:\\\/\\\/hotel-lesalpages.com\\\/en\\\/#website\"},\"datePublished\":\"2014-09-26T15:23:32+00:00\",\"dateModified\":\"2024-12-02T13:50:29+00:00\",\"breadcrumb\":{\"@id\":\"https:\\\/\\\/hotel-lesalpages.com\\\/en\\\/les-alpages\\\/#breadcrumb\"},\"inLanguage\":\"en-US\",\"potentialAction\":[{\"@type\":\"ReadAction\",\"target\":[\"https:\\\/\\\/hotel-lesalpages.com\\\/en\\\/les-alpages\\\/\"]}]},{\"@type\":\"BreadcrumbList\",\"@id\":\"https:\\\/\\\/hotel-lesalpages.com\\\/en\\\/les-alpages\\\/#breadcrumb\",\"itemListElement\":[{\"@type\":\"ListItem\",\"position\":1,\"name\":\"Accueil\",\"item\":\"https:\\\/\\\/hotel-lesalpages.com\\\/en\\\/\"},{\"@type\":\"ListItem\",\"position\":2,\"name\":\"Les Alpages\"}]},{\"@type\":\"WebSite\",\"@id\":\"https:\\\/\\\/hotel-lesalpages.com\\\/en\\\/#website\",\"url\":\"https:\\\/\\\/hotel-lesalpages.com\\\/en\\\/\",\"name\":\"H\u00f4tel Les Alpages - SITE OFFICIEL - H\u00f4tel*** Restaurant dans le Jura (39) \u00e0 Bonlieu\",\"description\":\"H\u00f4tel Restaurant 3 \u00e9toiles dans le Jura Les Alpages\",\"publisher\":{\"@id\":\"https:\\\/\\\/hotel-lesalpages.com\\\/en\\\/#organization\"},\"potentialAction\":[{\"@type\":\"SearchAction\",\"target\":{\"@type\":\"EntryPoint\",\"urlTemplate\":\"https:\\\/\\\/hotel-lesalpages.com\\\/en\\\/?s={search_term_string}\"},\"query-input\":{\"@type\":\"PropertyValueSpecification\",\"valueRequired\":true,\"valueName\":\"search_term_string\"}}],\"inLanguage\":\"en-US\"},{\"@type\":\"Organization\",\"@id\":\"https:\\\/\\\/hotel-lesalpages.com\\\/en\\\/#organization\",\"name\":\"H\u00f4tel Les Alpages - SITE OFFICIEL - H\u00f4tel*** Restaurant dans le Jura (39) \u00e0 Bonlieu\",\"alternateName\":\"Les Alpages, H\u00f4tel 3 \u00e9toiles restaurant \u00e0 Bonlieu dans le Jura\",\"url\":\"https:\\\/\\\/hotel-lesalpages.com\\\/en\\\/\",\"logo\":{\"@type\":\"ImageObject\",\"inLanguage\":\"en-US\",\"@id\":\"https:\\\/\\\/hotel-lesalpages.com\\\/en\\\/#\\\/schema\\\/logo\\\/image\\\/\",\"url\":\"https:\\\/\\\/hotel-lesalpages.com\\\/wp-content\\\/uploads\\\/2024\\\/05\\\/Logo-Les-Alpages.jpg\",\"contentUrl\":\"https:\\\/\\\/hotel-lesalpages.com\\\/wp-content\\\/uploads\\\/2024\\\/05\\\/Logo-Les-Alpages.jpg\",\"width\":532,\"height\":254,\"caption\":\"H\u00f4tel Les Alpages - SITE OFFICIEL - H\u00f4tel*** Restaurant dans le Jura (39) \u00e0 Bonlieu\"},\"image\":{\"@id\":\"https:\\\/\\\/hotel-lesalpages.com\\\/en\\\/#\\\/schema\\\/logo\\\/image\\\/\"},\"sameAs\":[\"https:\\\/\\\/www.facebook.com\\\/Htel-Les-Alpages-102579714817700\",\"https:\\\/\\\/instagram.com\\\/hotel_les_alpages\"]}]}<\/script>\n<!-- \/ Yoast SEO plugin. -->","yoast_head_json":{"title":"Les Alpages - H\u00f4tel Les Alpages - SITE OFFICIEL - H\u00f4tel*** Restaurant dans le Jura (39) \u00e0 Bonlieu","robots":{"index":"index","follow":"follow","max-snippet":"max-snippet:-1","max-image-preview":"max-image-preview:large","max-video-preview":"max-video-preview:-1"},"canonical":"https:\/\/hotel-lesalpages.com\/en\/les-alpages\/","og_locale":"en_US","og_type":"article","og_title":"Les Alpages - H\u00f4tel Les Alpages - SITE OFFICIEL - H\u00f4tel*** Restaurant dans le Jura (39) \u00e0 Bonlieu","og_url":"https:\/\/hotel-lesalpages.com\/en\/les-alpages\/","og_site_name":"H\u00f4tel Les Alpages - SITE OFFICIEL - H\u00f4tel*** Restaurant dans le Jura (39) \u00e0 Bonlieu","article_publisher":"https:\/\/www.facebook.com\/Htel-Les-Alpages-102579714817700","article_modified_time":"2024-12-02T13:50:29+00:00","og_image":[{"width":960,"height":450,"url":"https:\/\/hotel-lesalpages.com\/wp-content\/uploads\/2024\/01\/slide-accueil-01-1.jpg","type":"image\/jpeg"}],"twitter_card":"summary_large_image","twitter_misc":{"Est. reading time":"3 minutes"},"schema":{"@context":"https:\/\/schema.org","@graph":[{"@type":"WebPage","@id":"https:\/\/hotel-lesalpages.com\/en\/les-alpages\/","url":"https:\/\/hotel-lesalpages.com\/en\/les-alpages\/","name":"Les Alpages - H\u00f4tel Les Alpages - SITE OFFICIEL - H\u00f4tel*** Restaurant dans le Jura (39) \u00e0 Bonlieu","isPartOf":{"@id":"https:\/\/hotel-lesalpages.com\/en\/#website"},"datePublished":"2014-09-26T15:23:32+00:00","dateModified":"2024-12-02T13:50:29+00:00","breadcrumb":{"@id":"https:\/\/hotel-lesalpages.com\/en\/les-alpages\/#breadcrumb"},"inLanguage":"en-US","potentialAction":[{"@type":"ReadAction","target":["https:\/\/hotel-lesalpages.com\/en\/les-alpages\/"]}]},{"@type":"BreadcrumbList","@id":"https:\/\/hotel-lesalpages.com\/en\/les-alpages\/#breadcrumb","itemListElement":[{"@type":"ListItem","position":1,"name":"Accueil","item":"https:\/\/hotel-lesalpages.com\/en\/"},{"@type":"ListItem","position":2,"name":"Les Alpages"}]},{"@type":"WebSite","@id":"https:\/\/hotel-lesalpages.com\/en\/#website","url":"https:\/\/hotel-lesalpages.com\/en\/","name":"H\u00f4tel Les Alpages - SITE OFFICIEL - H\u00f4tel*** Restaurant dans le Jura (39) \u00e0 Bonlieu","description":"H\u00f4tel Restaurant 3 \u00e9toiles dans le Jura Les Alpages","publisher":{"@id":"https:\/\/hotel-lesalpages.com\/en\/#organization"},"potentialAction":[{"@type":"SearchAction","target":{"@type":"EntryPoint","urlTemplate":"https:\/\/hotel-lesalpages.com\/en\/?s={search_term_string}"},"query-input":{"@type":"PropertyValueSpecification","valueRequired":true,"valueName":"search_term_string"}}],"inLanguage":"en-US"},{"@type":"Organization","@id":"https:\/\/hotel-lesalpages.com\/en\/#organization","name":"H\u00f4tel Les Alpages - SITE OFFICIEL - H\u00f4tel*** Restaurant dans le Jura (39) \u00e0 Bonlieu","alternateName":"Les Alpages, H\u00f4tel 3 \u00e9toiles restaurant \u00e0 Bonlieu dans le Jura","url":"https:\/\/hotel-lesalpages.com\/en\/","logo":{"@type":"ImageObject","inLanguage":"en-US","@id":"https:\/\/hotel-lesalpages.com\/en\/#\/schema\/logo\/image\/","url":"https:\/\/hotel-lesalpages.com\/wp-content\/uploads\/2024\/05\/Logo-Les-Alpages.jpg","contentUrl":"https:\/\/hotel-lesalpages.com\/wp-content\/uploads\/2024\/05\/Logo-Les-Alpages.jpg","width":532,"height":254,"caption":"H\u00f4tel Les Alpages - SITE OFFICIEL - H\u00f4tel*** Restaurant dans le Jura (39) \u00e0 Bonlieu"},"image":{"@id":"https:\/\/hotel-lesalpages.com\/en\/#\/schema\/logo\/image\/"},"sameAs":["https:\/\/www.facebook.com\/Htel-Les-Alpages-102579714817700","https:\/\/instagram.com\/hotel_les_alpages"]}]}},"_links":{"self":[{"href":"https:\/\/hotel-lesalpages.com\/en\/wp-json\/wp\/v2\/pages\/2318","targetHints":{"allow":["GET"]}}],"collection":[{"href":"https:\/\/hotel-lesalpages.com\/en\/wp-json\/wp\/v2\/pages"}],"about":[{"href":"https:\/\/hotel-lesalpages.com\/en\/wp-json\/wp\/v2\/types\/page"}],"author":[{"embeddable":true,"href":"https:\/\/hotel-lesalpages.com\/en\/wp-json\/wp\/v2\/users\/1"}],"replies":[{"embeddable":true,"href":"https:\/\/hotel-lesalpages.com\/en\/wp-json\/wp\/v2\/comments?post=2318"}],"version-history":[{"count":0,"href":"https:\/\/hotel-lesalpages.com\/en\/wp-json\/wp\/v2\/pages\/2318\/revisions"}],"wp:attachment":[{"href":"https:\/\/hotel-lesalpages.com\/en\/wp-json\/wp\/v2\/media?parent=2318"}],"curies":[{"name":"wp","href":"https:\/\/api.w.org\/{rel}","templated":true}]}}