{"id":2315,"date":"2024-05-23T12:24:01","date_gmt":"2024-05-23T10:24:01","guid":{"rendered":"https:\/\/hotel-lesalpages.com\/restaurant-gastronomique-jura\/"},"modified":"2024-12-02T14:43:20","modified_gmt":"2024-12-02T13:43:20","slug":"restaurant-jura","status":"publish","type":"page","link":"https:\/\/hotel-lesalpages.com\/en\/restaurant-jura\/","title":{"rendered":"The Restaurant"},"content":{"rendered":"\n<style type=\"text\/css\" data-created_by=\"avia_inline_auto\" id=\"style-css-av-1nq8x-99460d54a8316ec555c291dc690d59d6\">\n#top .flex_column.av-1nq8x-99460d54a8316ec555c291dc690d59d6{\nmargin-top:0px;\nmargin-bottom:0px;\n}\n.flex_column.av-1nq8x-99460d54a8316ec555c291dc690d59d6{\npadding:0 0 0 0;\n}\n.responsive #top #wrap_all .flex_column.av-1nq8x-99460d54a8316ec555c291dc690d59d6{\nmargin-top:0px;\nmargin-bottom:0px;\n}\n<\/style>\n<div  class='flex_column av-1nq8x-99460d54a8316ec555c291dc690d59d6 av_one_full  avia-builder-el-0  el_before_av_one_half  avia-builder-el-first  first flex_column_div av-animated-generic bottom-to-top av-zero-column-padding  '     ><p>\n<style type=\"text\/css\" data-created_by=\"avia_inline_auto\" id=\"style-css-av-l2k8pktv-67ef742c71b60c2def6529102745c76e\">\n#top .av-special-heading.av-l2k8pktv-67ef742c71b60c2def6529102745c76e{\nmargin:0 0 0 0;\npadding-bottom:0;\n}\nbody .av-special-heading.av-l2k8pktv-67ef742c71b60c2def6529102745c76e .av-special-heading-tag .heading-char{\nfont-size:25px;\n}\n#top #wrap_all .av-special-heading.av-l2k8pktv-67ef742c71b60c2def6529102745c76e .av-special-heading-tag{\npadding:0 0 0 0;\n}\n.av-special-heading.av-l2k8pktv-67ef742c71b60c2def6529102745c76e .av-subheading{\nfont-size:28px;\n}\n<\/style>\n<div  class='av-special-heading av-l2k8pktv-67ef742c71b60c2def6529102745c76e av-special-heading-h1 blockquote modern-quote  avia-builder-el-1  el_before_av_slideshow  avia-builder-el-first '><h1 class='av-special-heading-tag '  itemprop=\"headline\"  >Gourmet flavors at Les Alpages<\/h1><div class=\"special-heading-border\"><div class=\"special-heading-inner-border\"><\/div><\/div><\/div><br \/>\n<div  class='avia-slideshow av-lwj1uya5-9e602f97ec7164c65360b303fe8b6a2f avia-slideshow-no scaling av_slideshow avia-fade-slider  avia-builder-el-2  el_after_av_heading  avia-builder-el-last  av-slideshow-ui av-control-default av-slideshow-autoplay av-loop-endless av-loop-manual-endless av-default-height-applied avia-slideshow-1' data-slideshow-options=\"{&quot;animation&quot;:&quot;fade&quot;,&quot;autoplay&quot;:true,&quot;loop_autoplay&quot;:&quot;endless&quot;,&quot;interval&quot;:4,&quot;loop_manual&quot;:&quot;manual-endless&quot;,&quot;autoplay_stopper&quot;:false,&quot;noNavigation&quot;:false,&quot;bg_slider&quot;:false,&quot;keep_padding&quot;:false,&quot;hoverpause&quot;:false,&quot;show_slide_delay&quot;:0}\"  itemprop=\"image\" itemscope=\"itemscope\" itemtype=\"https:\/\/schema.org\/ImageObject\" ><ul class='avia-slideshow-inner ' style='padding-bottom: 75%;'><li  class='avia-slideshow-slide av-lwj1uya5-9e602f97ec7164c65360b303fe8b6a2f__0  slide-1 slide-odd'><div data-rel='slideshow-1' class='avia-slide-wrap '   ><img src='https:\/\/hotel-lesalpages.com\/wp-content\/uploads\/2024\/05\/restaurant-01.jpg' width='1200' height='900' title='' alt=''  itemprop=\"thumbnailUrl\"   \/><\/div><\/li><li  class='avia-slideshow-slide av-lwj1uya5-9e602f97ec7164c65360b303fe8b6a2f__1  slide-2 slide-even'><div data-rel='slideshow-1' class='avia-slide-wrap '   ><img src='https:\/\/hotel-lesalpages.com\/wp-content\/uploads\/2024\/05\/restaurant-05.jpg' width='1200' height='900' title='' alt=''  itemprop=\"thumbnailUrl\"   \/><\/div><\/li><li  class='avia-slideshow-slide av-lwj1uya5-9e602f97ec7164c65360b303fe8b6a2f__2  slide-3 slide-odd'><div data-rel='slideshow-1' class='avia-slide-wrap '   ><img src='https:\/\/hotel-lesalpages.com\/wp-content\/uploads\/2024\/05\/petit-dej-02.jpg' width='1200' height='900' title='' alt=''  itemprop=\"thumbnailUrl\"   \/><\/div><\/li><li  class='avia-slideshow-slide av-lwj1uya5-9e602f97ec7164c65360b303fe8b6a2f__3  slide-4 slide-even'><div data-rel='slideshow-1' class='avia-slide-wrap '   ><img src='https:\/\/hotel-lesalpages.com\/wp-content\/uploads\/2024\/05\/restaurant-02.jpg' width='1200' height='900' title='' alt=''  itemprop=\"thumbnailUrl\"   \/><\/div><\/li><li  class='avia-slideshow-slide av-lwj1uya5-9e602f97ec7164c65360b303fe8b6a2f__4  slide-5 slide-odd'><div data-rel='slideshow-1' class='avia-slide-wrap '   ><img src='https:\/\/hotel-lesalpages.com\/wp-content\/uploads\/2024\/05\/petit-dej-01.jpg' width='1200' height='900' title='' alt=''  itemprop=\"thumbnailUrl\"   \/><\/div><\/li><\/ul><div class='avia-slideshow-arrows avia-slideshow-controls' ><a href='#prev' class='prev-slide  avia-svg-icon avia-font-svg_entypo-fontello' data-av_svg_icon='left-open-big' data-av_iconset='svg_entypo-fontello' tabindex='-1' title=\"Previous\"><svg version=\"1.1\" xmlns=\"http:\/\/www.w3.org\/2000\/svg\" width=\"15\" height=\"32\" viewBox=\"0 0 15 32\" preserveAspectRatio=\"xMidYMid meet\" aria-labelledby='av-svg-title-1' aria-describedby='av-svg-desc-1' role=\"graphics-symbol\" aria-hidden=\"true\">\n<title id='av-svg-title-1'>Previous<\/title>\n<desc id='av-svg-desc-1'>Previous<\/desc>\n<path d=\"M14.464 27.84q0.832 0.832 0 1.536-0.832 0.832-1.536 0l-12.544-12.608q-0.768-0.768 0-1.6l12.544-12.608q0.704-0.832 1.536 0 0.832 0.704 0 1.536l-11.456 11.904z\"><\/path>\n<\/svg><span class='avia_hidden_link_text'>Previous<\/span><\/a><a href='#next' class='next-slide  avia-svg-icon avia-font-svg_entypo-fontello' data-av_svg_icon='right-open-big' data-av_iconset='svg_entypo-fontello' tabindex='-1' title=\"Next\"><svg version=\"1.1\" xmlns=\"http:\/\/www.w3.org\/2000\/svg\" width=\"15\" height=\"32\" viewBox=\"0 0 15 32\" preserveAspectRatio=\"xMidYMid meet\" aria-labelledby='av-svg-title-2' aria-describedby='av-svg-desc-2' role=\"graphics-symbol\" aria-hidden=\"true\">\n<title id='av-svg-title-2'>Next<\/title>\n<desc id='av-svg-desc-2'>Next<\/desc>\n<path d=\"M0.416 27.84l11.456-11.84-11.456-11.904q-0.832-0.832 0-1.536 0.832-0.832 1.536 0l12.544 12.608q0.768 0.832 0 1.6l-12.544 12.608q-0.704 0.832-1.536 0-0.832-0.704 0-1.536z\"><\/path>\n<\/svg><span class='avia_hidden_link_text'>Next<\/span><\/a><\/div><div class='avia-slideshow-dots avia-slideshow-controls'><a href='#1' class='goto-slide active' >1<\/a><a href='#2' class='goto-slide ' >2<\/a><a href='#3' class='goto-slide ' >3<\/a><a href='#4' class='goto-slide ' >4<\/a><a href='#5' class='goto-slide ' >5<\/a><\/div><\/div><\/p><\/div><div  class='flex_column av-2q0f2d-ecc04eda73d9a2d59f0f03b691a793d2 av_one_half  avia-builder-el-3  el_after_av_one_full  el_before_av_one_half  first flex_column_div av-animated-generic bottom-to-top  column-top-margin'     ><p>\n<style type=\"text\/css\" data-created_by=\"avia_inline_auto\" id=\"style-css-av-lwjdnobn-15051efcdf3e868ee07807a6795c45d7\">\n#top .hr.hr-invisible.av-lwjdnobn-15051efcdf3e868ee07807a6795c45d7{\nheight:30px;\n}\n<\/style>\n<div  class='hr av-lwjdnobn-15051efcdf3e868ee07807a6795c45d7 hr-invisible  avia-builder-el-4  el_before_av_textblock  avia-builder-el-first  av-desktop-hide av-medium-hide'><span class='hr-inner '><span class=\"hr-inner-style\"><\/span><\/span><\/div><br \/>\n<section  class='av_textblock_section av-lwj477aw-59e44aa395ec3a8bd8ba34f8299b5f29 '   itemscope=\"itemscope\" itemtype=\"https:\/\/schema.org\/CreativeWork\" ><div class='avia_textblock'  itemprop=\"text\" ><h2>Simple and tasty cuisine<\/h2>\n<p>As part of the half-board package, the chef offers a different menu each day based on market produce, focusing on short supply chains and organic ingredients.<br \/>\nOur table, with its multitude of flavors, will delight both gourmets and food lovers, enthusiasts of tasty and refined cuisine.<br \/>\nChildren are welcome, and the menu is adapted according to their age.<\/p>\n<h2>Our suppliers<\/h2>\n<p>Our suppliers are located in the Jura, Doubs, Bresse, and Dombes regions.<\/p>\n<\/div><\/section><\/p><\/div><\/p>\n<div  class='flex_column av-4jryjp-411f5fea8fcb2693c09df7c8b15a1012 av_one_half  avia-builder-el-6  el_after_av_one_half  avia-builder-el-last  flex_column_div av-animated-generic bottom-to-top  column-top-margin'     ><section  class='av_textblock_section av-l2k758gt-6ff5dfd044eeed1a9d54d57bca1d3e76 '   itemscope=\"itemscope\" itemtype=\"https:\/\/schema.org\/CreativeWork\" ><div class='avia_textblock'  itemprop=\"text\" ><h2>Breakfast<\/h2>\n<p>Served at the restaurant between 7:45 am and 9:30 am.<br \/>\n<strong>Sweet Side<\/strong>: Pastries, fresh seasonal fruits, dairy products, multigrain bread, baguettes, toast, crispbread, pastries, jams, and other treats.<br \/>\n<strong>Savory Side<\/strong>: Jura cold cuts, farmhouse cheeses from Franche-Comt\u00e9, and accompaniments.<img decoding=\"async\" class=\"alignright wp-image-1905\" src=\"https:\/\/hotel-lesalpages.com\/wp-content\/uploads\/2024\/05\/logo-tables-et-auberges-de-france-2.jpg\" alt=\"Tables et Auberges\" width=\"145\" height=\"202\" \/><\/p>\n<h2>Eco-responsibility<\/h2>\n<p>Eco-responsibility is highlighted with a distinction of 3 Green Toques and Gourmet Breakfasts from Tables et Auberges de France.<\/p>\n<\/div><\/section><\/div>\n","protected":false},"excerpt":{"rendered":"","protected":false},"author":1,"featured_media":0,"parent":0,"menu_order":0,"comment_status":"closed","ping_status":"closed","template":"","meta":{"footnotes":""},"class_list":["post-2315","page","type-page","status-publish","hentry"],"yoast_head":"<!-- This site is optimized with the Yoast SEO plugin v27.4 - https:\/\/yoast.com\/product\/yoast-seo-wordpress\/ -->\n<title>The Restaurant - H\u00f4tel Les Alpages - SITE OFFICIEL - H\u00f4tel*** Restaurant dans le Jura (39) \u00e0 Bonlieu<\/title>\n<meta name=\"robots\" content=\"index, follow, max-snippet:-1, max-image-preview:large, max-video-preview:-1\" \/>\n<link rel=\"canonical\" href=\"https:\/\/hotel-lesalpages.com\/en\/restaurant-jura\/\" \/>\n<meta property=\"og:locale\" content=\"en_US\" \/>\n<meta property=\"og:type\" content=\"article\" \/>\n<meta property=\"og:title\" content=\"The Restaurant - H\u00f4tel Les Alpages - SITE OFFICIEL - H\u00f4tel*** Restaurant dans le Jura (39) \u00e0 Bonlieu\" \/>\n<meta property=\"og:url\" content=\"https:\/\/hotel-lesalpages.com\/en\/restaurant-jura\/\" \/>\n<meta property=\"og:site_name\" content=\"H\u00f4tel Les Alpages - SITE OFFICIEL - H\u00f4tel*** Restaurant dans le Jura (39) \u00e0 Bonlieu\" \/>\n<meta property=\"article:publisher\" content=\"https:\/\/www.facebook.com\/Htel-Les-Alpages-102579714817700\" \/>\n<meta property=\"article:modified_time\" content=\"2024-12-02T13:43:20+00:00\" \/>\n<meta property=\"og:image\" content=\"https:\/\/hotel-lesalpages.com\/wp-content\/uploads\/2024\/05\/logo-tables-et-auberges-de-france-2.jpg\" \/>\n\t<meta property=\"og:image:width\" content=\"174\" \/>\n\t<meta property=\"og:image:height\" content=\"242\" \/>\n\t<meta property=\"og:image:type\" content=\"image\/jpeg\" \/>\n<meta name=\"twitter:card\" content=\"summary_large_image\" \/>\n<meta name=\"twitter:label1\" content=\"Est. reading time\" \/>\n\t<meta name=\"twitter:data1\" content=\"3 minutes\" \/>\n<script type=\"application\/ld+json\" class=\"yoast-schema-graph\">{\"@context\":\"https:\\\/\\\/schema.org\",\"@graph\":[{\"@type\":\"WebPage\",\"@id\":\"https:\\\/\\\/hotel-lesalpages.com\\\/en\\\/restaurant-jura\\\/\",\"url\":\"https:\\\/\\\/hotel-lesalpages.com\\\/en\\\/restaurant-jura\\\/\",\"name\":\"The Restaurant - H\u00f4tel Les Alpages - SITE OFFICIEL - H\u00f4tel*** Restaurant dans le Jura (39) \u00e0 Bonlieu\",\"isPartOf\":{\"@id\":\"https:\\\/\\\/hotel-lesalpages.com\\\/en\\\/#website\"},\"primaryImageOfPage\":{\"@id\":\"https:\\\/\\\/hotel-lesalpages.com\\\/en\\\/restaurant-jura\\\/#primaryimage\"},\"image\":{\"@id\":\"https:\\\/\\\/hotel-lesalpages.com\\\/en\\\/restaurant-jura\\\/#primaryimage\"},\"thumbnailUrl\":\"https:\\\/\\\/hotel-lesalpages.com\\\/wp-content\\\/uploads\\\/2024\\\/05\\\/logo-tables-et-auberges-de-france-2.jpg\",\"datePublished\":\"2024-05-23T10:24:01+00:00\",\"dateModified\":\"2024-12-02T13:43:20+00:00\",\"breadcrumb\":{\"@id\":\"https:\\\/\\\/hotel-lesalpages.com\\\/en\\\/restaurant-jura\\\/#breadcrumb\"},\"inLanguage\":\"en-US\",\"potentialAction\":[{\"@type\":\"ReadAction\",\"target\":[\"https:\\\/\\\/hotel-lesalpages.com\\\/en\\\/restaurant-jura\\\/\"]}]},{\"@type\":\"ImageObject\",\"inLanguage\":\"en-US\",\"@id\":\"https:\\\/\\\/hotel-lesalpages.com\\\/en\\\/restaurant-jura\\\/#primaryimage\",\"url\":\"https:\\\/\\\/hotel-lesalpages.com\\\/wp-content\\\/uploads\\\/2024\\\/05\\\/logo-tables-et-auberges-de-france-2.jpg\",\"contentUrl\":\"https:\\\/\\\/hotel-lesalpages.com\\\/wp-content\\\/uploads\\\/2024\\\/05\\\/logo-tables-et-auberges-de-france-2.jpg\"},{\"@type\":\"BreadcrumbList\",\"@id\":\"https:\\\/\\\/hotel-lesalpages.com\\\/en\\\/restaurant-jura\\\/#breadcrumb\",\"itemListElement\":[{\"@type\":\"ListItem\",\"position\":1,\"name\":\"Accueil\",\"item\":\"https:\\\/\\\/hotel-lesalpages.com\\\/en\\\/\"},{\"@type\":\"ListItem\",\"position\":2,\"name\":\"The Restaurant\"}]},{\"@type\":\"WebSite\",\"@id\":\"https:\\\/\\\/hotel-lesalpages.com\\\/en\\\/#website\",\"url\":\"https:\\\/\\\/hotel-lesalpages.com\\\/en\\\/\",\"name\":\"H\u00f4tel Les Alpages - SITE OFFICIEL - H\u00f4tel*** Restaurant dans le Jura (39) \u00e0 Bonlieu\",\"description\":\"H\u00f4tel Restaurant 3 \u00e9toiles dans le Jura Les Alpages\",\"publisher\":{\"@id\":\"https:\\\/\\\/hotel-lesalpages.com\\\/en\\\/#organization\"},\"potentialAction\":[{\"@type\":\"SearchAction\",\"target\":{\"@type\":\"EntryPoint\",\"urlTemplate\":\"https:\\\/\\\/hotel-lesalpages.com\\\/en\\\/?s={search_term_string}\"},\"query-input\":{\"@type\":\"PropertyValueSpecification\",\"valueRequired\":true,\"valueName\":\"search_term_string\"}}],\"inLanguage\":\"en-US\"},{\"@type\":\"Organization\",\"@id\":\"https:\\\/\\\/hotel-lesalpages.com\\\/en\\\/#organization\",\"name\":\"H\u00f4tel Les Alpages - SITE OFFICIEL - H\u00f4tel*** Restaurant dans le Jura (39) \u00e0 Bonlieu\",\"alternateName\":\"Les Alpages, H\u00f4tel 3 \u00e9toiles restaurant \u00e0 Bonlieu dans le Jura\",\"url\":\"https:\\\/\\\/hotel-lesalpages.com\\\/en\\\/\",\"logo\":{\"@type\":\"ImageObject\",\"inLanguage\":\"en-US\",\"@id\":\"https:\\\/\\\/hotel-lesalpages.com\\\/en\\\/#\\\/schema\\\/logo\\\/image\\\/\",\"url\":\"https:\\\/\\\/hotel-lesalpages.com\\\/wp-content\\\/uploads\\\/2024\\\/05\\\/Logo-Les-Alpages.jpg\",\"contentUrl\":\"https:\\\/\\\/hotel-lesalpages.com\\\/wp-content\\\/uploads\\\/2024\\\/05\\\/Logo-Les-Alpages.jpg\",\"width\":532,\"height\":254,\"caption\":\"H\u00f4tel Les Alpages - SITE OFFICIEL - H\u00f4tel*** Restaurant dans le Jura (39) \u00e0 Bonlieu\"},\"image\":{\"@id\":\"https:\\\/\\\/hotel-lesalpages.com\\\/en\\\/#\\\/schema\\\/logo\\\/image\\\/\"},\"sameAs\":[\"https:\\\/\\\/www.facebook.com\\\/Htel-Les-Alpages-102579714817700\",\"https:\\\/\\\/instagram.com\\\/hotel_les_alpages\"]}]}<\/script>\n<!-- \/ Yoast SEO plugin. -->","yoast_head_json":{"title":"The Restaurant - H\u00f4tel Les Alpages - SITE OFFICIEL - H\u00f4tel*** Restaurant dans le Jura (39) \u00e0 Bonlieu","robots":{"index":"index","follow":"follow","max-snippet":"max-snippet:-1","max-image-preview":"max-image-preview:large","max-video-preview":"max-video-preview:-1"},"canonical":"https:\/\/hotel-lesalpages.com\/en\/restaurant-jura\/","og_locale":"en_US","og_type":"article","og_title":"The Restaurant - H\u00f4tel Les Alpages - SITE OFFICIEL - H\u00f4tel*** Restaurant dans le Jura (39) \u00e0 Bonlieu","og_url":"https:\/\/hotel-lesalpages.com\/en\/restaurant-jura\/","og_site_name":"H\u00f4tel Les Alpages - SITE OFFICIEL - H\u00f4tel*** Restaurant dans le Jura (39) \u00e0 Bonlieu","article_publisher":"https:\/\/www.facebook.com\/Htel-Les-Alpages-102579714817700","article_modified_time":"2024-12-02T13:43:20+00:00","og_image":[{"width":174,"height":242,"url":"https:\/\/hotel-lesalpages.com\/wp-content\/uploads\/2024\/05\/logo-tables-et-auberges-de-france-2.jpg","type":"image\/jpeg"}],"twitter_card":"summary_large_image","twitter_misc":{"Est. reading time":"3 minutes"},"schema":{"@context":"https:\/\/schema.org","@graph":[{"@type":"WebPage","@id":"https:\/\/hotel-lesalpages.com\/en\/restaurant-jura\/","url":"https:\/\/hotel-lesalpages.com\/en\/restaurant-jura\/","name":"The Restaurant - H\u00f4tel Les Alpages - SITE OFFICIEL - H\u00f4tel*** Restaurant dans le Jura (39) \u00e0 Bonlieu","isPartOf":{"@id":"https:\/\/hotel-lesalpages.com\/en\/#website"},"primaryImageOfPage":{"@id":"https:\/\/hotel-lesalpages.com\/en\/restaurant-jura\/#primaryimage"},"image":{"@id":"https:\/\/hotel-lesalpages.com\/en\/restaurant-jura\/#primaryimage"},"thumbnailUrl":"https:\/\/hotel-lesalpages.com\/wp-content\/uploads\/2024\/05\/logo-tables-et-auberges-de-france-2.jpg","datePublished":"2024-05-23T10:24:01+00:00","dateModified":"2024-12-02T13:43:20+00:00","breadcrumb":{"@id":"https:\/\/hotel-lesalpages.com\/en\/restaurant-jura\/#breadcrumb"},"inLanguage":"en-US","potentialAction":[{"@type":"ReadAction","target":["https:\/\/hotel-lesalpages.com\/en\/restaurant-jura\/"]}]},{"@type":"ImageObject","inLanguage":"en-US","@id":"https:\/\/hotel-lesalpages.com\/en\/restaurant-jura\/#primaryimage","url":"https:\/\/hotel-lesalpages.com\/wp-content\/uploads\/2024\/05\/logo-tables-et-auberges-de-france-2.jpg","contentUrl":"https:\/\/hotel-lesalpages.com\/wp-content\/uploads\/2024\/05\/logo-tables-et-auberges-de-france-2.jpg"},{"@type":"BreadcrumbList","@id":"https:\/\/hotel-lesalpages.com\/en\/restaurant-jura\/#breadcrumb","itemListElement":[{"@type":"ListItem","position":1,"name":"Accueil","item":"https:\/\/hotel-lesalpages.com\/en\/"},{"@type":"ListItem","position":2,"name":"The Restaurant"}]},{"@type":"WebSite","@id":"https:\/\/hotel-lesalpages.com\/en\/#website","url":"https:\/\/hotel-lesalpages.com\/en\/","name":"H\u00f4tel Les Alpages - SITE OFFICIEL - H\u00f4tel*** Restaurant dans le Jura (39) \u00e0 Bonlieu","description":"H\u00f4tel Restaurant 3 \u00e9toiles dans le Jura Les Alpages","publisher":{"@id":"https:\/\/hotel-lesalpages.com\/en\/#organization"},"potentialAction":[{"@type":"SearchAction","target":{"@type":"EntryPoint","urlTemplate":"https:\/\/hotel-lesalpages.com\/en\/?s={search_term_string}"},"query-input":{"@type":"PropertyValueSpecification","valueRequired":true,"valueName":"search_term_string"}}],"inLanguage":"en-US"},{"@type":"Organization","@id":"https:\/\/hotel-lesalpages.com\/en\/#organization","name":"H\u00f4tel Les Alpages - SITE OFFICIEL - H\u00f4tel*** Restaurant dans le Jura (39) \u00e0 Bonlieu","alternateName":"Les Alpages, H\u00f4tel 3 \u00e9toiles restaurant \u00e0 Bonlieu dans le Jura","url":"https:\/\/hotel-lesalpages.com\/en\/","logo":{"@type":"ImageObject","inLanguage":"en-US","@id":"https:\/\/hotel-lesalpages.com\/en\/#\/schema\/logo\/image\/","url":"https:\/\/hotel-lesalpages.com\/wp-content\/uploads\/2024\/05\/Logo-Les-Alpages.jpg","contentUrl":"https:\/\/hotel-lesalpages.com\/wp-content\/uploads\/2024\/05\/Logo-Les-Alpages.jpg","width":532,"height":254,"caption":"H\u00f4tel Les Alpages - SITE OFFICIEL - H\u00f4tel*** Restaurant dans le Jura (39) \u00e0 Bonlieu"},"image":{"@id":"https:\/\/hotel-lesalpages.com\/en\/#\/schema\/logo\/image\/"},"sameAs":["https:\/\/www.facebook.com\/Htel-Les-Alpages-102579714817700","https:\/\/instagram.com\/hotel_les_alpages"]}]}},"_links":{"self":[{"href":"https:\/\/hotel-lesalpages.com\/en\/wp-json\/wp\/v2\/pages\/2315","targetHints":{"allow":["GET"]}}],"collection":[{"href":"https:\/\/hotel-lesalpages.com\/en\/wp-json\/wp\/v2\/pages"}],"about":[{"href":"https:\/\/hotel-lesalpages.com\/en\/wp-json\/wp\/v2\/types\/page"}],"author":[{"embeddable":true,"href":"https:\/\/hotel-lesalpages.com\/en\/wp-json\/wp\/v2\/users\/1"}],"replies":[{"embeddable":true,"href":"https:\/\/hotel-lesalpages.com\/en\/wp-json\/wp\/v2\/comments?post=2315"}],"version-history":[{"count":0,"href":"https:\/\/hotel-lesalpages.com\/en\/wp-json\/wp\/v2\/pages\/2315\/revisions"}],"wp:attachment":[{"href":"https:\/\/hotel-lesalpages.com\/en\/wp-json\/wp\/v2\/media?parent=2315"}],"curies":[{"name":"wp","href":"https:\/\/api.w.org\/{rel}","templated":true}]}}