{"id":2307,"date":"2014-09-26T17:23:42","date_gmt":"2014-09-26T15:23:42","guid":{"rendered":"https:\/\/hotel-lesalpages.com\/situation-contact-hotel-restaurant-jura\/"},"modified":"2024-06-17T15:55:42","modified_gmt":"2024-06-17T13:55:42","slug":"hotel-restaurant-jura-location-contact","status":"publish","type":"page","link":"https:\/\/hotel-lesalpages.com\/en\/hotel-restaurant-jura-location-contact\/","title":{"rendered":"Contact"},"content":{"rendered":"<div  class='av_gmaps_sc_main_wrap av_gmaps_main_wrap '><div id='av_gmap_0' class='avia-google-map-container avia-google-map-sc av_gmaps_show_unconditionally av-no-fallback-img ' data-mapid='av_gmap_0'  style='height: 420px;'><a class=\"av_gmaps_browser_disabled av_text_confirm_link av_text_confirm_link_visible\" href=\"https:\/\/www.google.com\/maps\/search\/?api=1&#038;query=1%20chemin%20de%20la%20Madone%2039130%20Bonlieu%20%20France\" target=\"_blank\">Maps were disabled by the visitor on this site. Click to open the map in a new window.<\/a><\/div><\/div>\n<div id='av_section_1'  class='avia-section av-2c56n-7ad655252374f1217776298ea249772a main_color avia-section-default avia-no-border-styling  avia-builder-el-1  el_after_av_google_map  avia-builder-el-last  avia-bg-style-scroll container_wrap fullsize'  ><div class='container av-section-cont-open' ><div class='template-page content  av-content-full alpha units'><div class='post-entry post-entry-type-page post-entry-2307'><div class='entry-content-wrapper clearfix'>\n<div class='av-column-wrapper-individual av-mobile-columns-flex av-columns-reverse'><div  class='flex_column av-1etyf-7e65d87eecd3aa2dad1d935aa5b978b4 av_three_fifth  avia-builder-el-2  el_before_av_two_fifth  avia-builder-el-first  first flex_column_div  '     ><p>\n<style type=\"text\/css\" data-created_by=\"avia_inline_auto\" id=\"style-css-av-l2zwl0fk-d8db9b4e5cc3b1829a2ccc10d42c8f1c\">\n#top .av-special-heading.av-l2zwl0fk-d8db9b4e5cc3b1829a2ccc10d42c8f1c{\npadding-bottom:10px;\n}\nbody .av-special-heading.av-l2zwl0fk-d8db9b4e5cc3b1829a2ccc10d42c8f1c .av-special-heading-tag .heading-char{\nfont-size:25px;\n}\n.av-special-heading.av-l2zwl0fk-d8db9b4e5cc3b1829a2ccc10d42c8f1c .av-subheading{\nfont-size:15px;\n}\n<\/style>\n<div  class='av-special-heading av-l2zwl0fk-d8db9b4e5cc3b1829a2ccc10d42c8f1c av-special-heading-h1 blockquote modern-quote  avia-builder-el-3  el_before_av_image  avia-builder-el-first  av-small-hide av-mini-hide'><h1 class='av-special-heading-tag '  itemprop=\"headline\"  >Location-Contact<\/h1><div class=\"special-heading-border\"><div class=\"special-heading-inner-border\"><\/div><\/div><\/div><br \/>\n\n<style type=\"text\/css\" data-created_by=\"avia_inline_auto\" id=\"style-css-av-l2q7v1fh-e03ca275d20821e61997dbd478ee907d\">\n.avia-image-container.av-l2q7v1fh-e03ca275d20821e61997dbd478ee907d img.avia_image{\nbox-shadow:none;\n}\n.avia-image-container.av-l2q7v1fh-e03ca275d20821e61997dbd478ee907d .av-image-caption-overlay-center{\ncolor:#ffffff;\n}\n<\/style>\n<div  class='avia-image-container av-l2q7v1fh-e03ca275d20821e61997dbd478ee907d av-styling- avia-align-center  avia-builder-el-4  el_after_av_heading  el_before_av_contact  av-small-hide av-mini-hide'   itemprop=\"image\" itemscope=\"itemscope\" itemtype=\"https:\/\/schema.org\/ImageObject\" ><div class=\"avia-image-container-inner\"><div class=\"avia-image-overlay-wrap\"><img class='avia_image ' src='https:\/\/hotel-lesalpages.com\/wp-content\/uploads\/2024\/05\/contact-2024.jpg' alt='' title='contact-2024'  height=\"732\" width=\"1164\"  itemprop=\"thumbnailUrl\"  \/><\/div><\/div><\/div><br \/>\n<form action=\"https:\/\/hotel-lesalpages.com\/en\/hotel-restaurant-jura-location-contact\/\" method=\"post\" data-fields-with-error=\"Found errors in the following field(s):\" class=\"avia_ajax_form av-form-labels-visible   avia-builder-el-5  el_after_av_image  el_before_av_textblock   \" data-avia-form-id=\"1\" data-avia-redirect='' ><fieldset><p class='  first_form  form_element form_element_half' id='element_avia_1_1'><label for=\"avia_1_1\">Name <abbr class=\"required\" title=\"required\">*<\/abbr><\/label> <input name=\"avia_1_1\" class=\"text_input is_empty\" type=\"text\" id=\"avia_1_1\" value=\"\" \/><\/p><p class='  form_element form_element_half' id='element_avia_2_1'><label for=\"avia_2_1\">First name<\/label> <input name=\"avia_2_1\" class=\"text_input \" type=\"text\" id=\"avia_2_1\" value=\"\" \/><\/p><p class='  first_form  form_element form_element_two_third' id='element_avia_3_1'><label for=\"avia_3_1\">Email <abbr class=\"required\" title=\"required\">*<\/abbr><\/label> <input name=\"avia_3_1\" class=\"text_input is_email\" type=\"text\" id=\"avia_3_1\" value=\"\" \/><\/p><p class='  form_element form_element_third' id='element_avia_4_1'><label for=\"avia_4_1\">Telephone<\/label> <input name=\"avia_4_1\" class=\"text_input \" type=\"text\" id=\"avia_4_1\" value=\"\" \/><\/p><p class='  first_form  form_element form_fullwidth' id='element_avia_5_1'><label for=\"avia_5_1\" class=\"textare_label hidden textare_label_avia_5_1\">Message <abbr class=\"required\" title=\"required\">*<\/abbr><\/label><textarea  name=\"avia_5_1\" class=\"text_area is_empty\" cols=\"40\" rows=\"7\" id=\"avia_5_1\" ><\/textarea><\/p><p class='  first_form  form_element form_fullwidth' id='element_avia_6_1'><input  name=\"avia_6_1\" class=\"input_checkbox is_empty\" type=\"checkbox\" id=\"avia_6_1\" value=\"true\"\/><label class=\"input_checkbox_label\" for=\"avia_6_1\">By submitting this form, I agree that the information entered will be used to allow the follow-up that results from my request. <abbr class=\"required\" title=\"required\">*<\/abbr><\/label><\/p><p class=\"hidden\"><input type=\"text\" name=\"avia_7_1\" class=\"hidden \" id=\"avia_7_1\" value=\"\" \/><\/p><div id='avia_8_1' class='av-recaptcha-area  first_form  form_element form_fullwidth '  data-container_class=\"\" data-custom_class=\"\" data-context=\"av_contact_form\" data-token_input=\"av_recaptcha_token\" data-version=\"avia_recaptcha_v3\" data-theme=\"light\" data-size=\"normal\" data-score=\"0.5\" data-text_to_preview=\"\" data-value=\"\"><div class=\"av-google-badge-message hidden\">This site is protected by reCAPTCHA and the Google <a href=\"https:\/\/policies.google.com\/privacy\">Privacy Policy<\/a> and <a href=\"https:\/\/policies.google.com\/terms\">Terms of Service<\/a> apply.<\/div><\/div><p class=\"form_element \"><input type=\"hidden\" value=\"1\" name=\"avia_generated_form1\" \/><input type=\"submit\" value=\"Send\" class=\"button\"  data-sending-label=\"Sending\"\/><\/p><\/fieldset><div class=\"avia-disabled-form\">This contact form is deactivated because you refused to accept Google reCaptcha service which is necessary to validate any messages sent by the form.<\/div><\/form><div id=\"ajaxresponse_1\" class=\"ajaxresponse ajaxresponse_1 hidden\"><\/div><br \/>\n<section  class='av_textblock_section av-lwj9r5a0-de885154ff81967412fd3b67ccc5ce81 '   itemscope=\"itemscope\" itemtype=\"https:\/\/schema.org\/CreativeWork\" ><div class='avia_textblock'  itemprop=\"text\" ><p>To know and exercise your rights, in particular to withdraw your consent to the use of the data collected by this form, please consult <a href=\"https:\/\/hotel-lesalpages.com\/mentions-legales\">our privacy policy<\/a>.<\/p>\n<\/div><\/section><\/p><\/div>\n<style type=\"text\/css\" data-created_by=\"avia_inline_auto\" id=\"style-css-av-1g7kj-0bd049985ae687d0af15eb2e2c771dca\">\n@keyframes av_boxShadowEffect_av-1g7kj-0bd049985ae687d0af15eb2e2c771dca-column {\n0%   { box-shadow:  0 0 0 0 #000000; opacity: 1; }\n100% { box-shadow:  0 0 10px 0 #000000; opacity: 1; }\n}\n.flex_column.av-1g7kj-0bd049985ae687d0af15eb2e2c771dca{\nbox-shadow: 0 0 10px 0 #000000;\npadding:20px 20px 20px 20px;\nbackground-color:#ffffff;\n}\n<\/style>\n<div  class='flex_column av-1g7kj-0bd049985ae687d0af15eb2e2c771dca av_two_fifth  avia-builder-el-7  el_after_av_three_fifth  avia-builder-el-last  flex_column_div av-animated-generic pop-up shadow-not-animated  '     ><p><br \/>\n\n<style type=\"text\/css\" data-created_by=\"avia_inline_auto\" id=\"style-css-av-l2q86b7z-f91016fa20b917a2910f3744c4c08095\">\n#top .hr.hr-invisible.av-l2q86b7z-f91016fa20b917a2910f3744c4c08095{\nheight:30px;\n}\n<\/style>\n<div  class='hr av-l2q86b7z-f91016fa20b917a2910f3744c4c08095 hr-invisible  avia-builder-el-9  el_after_av_codeblock  el_before_av_textblock '><span class='hr-inner '><span class=\"hr-inner-style\"><\/span><\/span><\/div><br \/>\n\n<style type=\"text\/css\" data-created_by=\"avia_inline_auto\" id=\"style-css-av-23gar-42fbf785fa9354c1aeca13ca411632f1\">\n#top .av_textblock_section.av-23gar-42fbf785fa9354c1aeca13ca411632f1 .avia_textblock{\nfont-size:18px;\ntext-align:center;\n}\n<\/style>\n<section  class='av_textblock_section av-23gar-42fbf785fa9354c1aeca13ca411632f1 '   itemscope=\"itemscope\" itemtype=\"https:\/\/schema.org\/CreativeWork\" ><div class='avia_textblock'  itemprop=\"text\" ><h3><strong>3-star HOTEL RESTAURANT<br \/>\nLES ALPAGES<\/strong><\/h3>\n<p>1, chemin de la Madone<br \/>\nF-39130 BONLIEU &#8211; France<\/p>\n<p>Tel. <strong><a href=\"tel:+33384255753\">+33 (0)384 255 753<\/a><\/strong><br \/>\nEmail: <strong><a href=\"mailto:hotel.les.alpages@orange.fr\">hotel.les.alpages@orange.fr<\/a><\/strong><\/p>\n<\/div><\/section><br \/>\n\n<style type=\"text\/css\" data-created_by=\"avia_inline_auto\" id=\"style-css-av-1qw27-fe19c3a6459b5ae688896e73a113f509\">\n#top .hr.hr-invisible.av-1qw27-fe19c3a6459b5ae688896e73a113f509{\nheight:20px;\n}\n<\/style>\n<div  class='hr av-1qw27-fe19c3a6459b5ae688896e73a113f509 hr-invisible  avia-builder-el-11  el_after_av_textblock  el_before_av_image '><span class='hr-inner '><span class=\"hr-inner-style\"><\/span><\/span><\/div><br \/>\n\n<style type=\"text\/css\" data-created_by=\"avia_inline_auto\" id=\"style-css-av-lrukgvf0-01636fe73d947cafbdeb59328e9aeca6\">\n.avia-image-container.av-lrukgvf0-01636fe73d947cafbdeb59328e9aeca6 img.avia_image{\nbox-shadow:none;\n}\n.avia-image-container.av-lrukgvf0-01636fe73d947cafbdeb59328e9aeca6 .av-image-caption-overlay-center{\ncolor:#ffffff;\n}\n<\/style>\n<div  class='avia-image-container av-lrukgvf0-01636fe73d947cafbdeb59328e9aeca6 av-styling- avia-align-center  avia-builder-el-12  el_after_av_hr  el_before_av_textblock '   itemprop=\"image\" itemscope=\"itemscope\" itemtype=\"https:\/\/schema.org\/ImageObject\" ><div class=\"avia-image-container-inner\"><div class=\"avia-image-overlay-wrap\"><img class='avia_image ' src='https:\/\/hotel-lesalpages.com\/wp-content\/uploads\/2024\/01\/qualite_tourisme-150.png' alt='' title='qualite_tourisme-150'  height=\"118\" width=\"150\"  itemprop=\"thumbnailUrl\"  \/><\/div><\/div><\/div><br \/>\n\n<style type=\"text\/css\" data-created_by=\"avia_inline_auto\" id=\"style-css-av-lrukasai-5a147460e73273e0e95307d610682f7f\">\n#top .av_textblock_section.av-lrukasai-5a147460e73273e0e95307d610682f7f .avia_textblock{\ntext-align:center;\n}\n<\/style>\n<section  class='av_textblock_section av-lrukasai-5a147460e73273e0e95307d610682f7f '   itemscope=\"itemscope\" itemtype=\"https:\/\/schema.org\/CreativeWork\" ><div class='avia_textblock'  itemprop=\"text\" ><p style=\"text-align: center;\" data-wp-editing=\"1\"><a href=\"https:\/\/www.facebook.com\/H%C3%B4tel-Les-Alpages-102579714817700\" target=\"_blank\" rel=\"noopener\"><img decoding=\"async\" class=\"alignnone wp-image-1237 size-full\" src=\"https:\/\/atelier-qi-gong.com\/wp-content\/uploads\/2022\/05\/logo-facebook.png\" alt=\"Facebook Atelier Qi Gong\" width=\"44\" height=\"44\" srcset=\"https:\/\/hotel-lesalpages.com\/wp-content\/uploads\/2022\/05\/logo-facebook.png 44w, https:\/\/hotel-lesalpages.com\/wp-content\/uploads\/2022\/05\/logo-facebook-36x36.png 36w\" sizes=\"(max-width: 44px) 100vw, 44px\" \/><\/a> <a href=\"https:\/\/instagram.com\/hotel_les_alpages\" target=\"_blank\" rel=\"noopener\"><img decoding=\"async\" class=\"alignnone wp-image-1236 size-full\" src=\"https:\/\/atelier-qi-gong.com\/wp-content\/uploads\/2022\/05\/logo-instagram.png\" alt=\"Instagram Atelier Qi Gong\" width=\"44\" height=\"44\" srcset=\"https:\/\/hotel-lesalpages.com\/wp-content\/uploads\/2022\/05\/logo-instagram.png 44w, https:\/\/hotel-lesalpages.com\/wp-content\/uploads\/2022\/05\/logo-instagram-36x36.png 36w\" sizes=\"(max-width: 44px) 100vw, 44px\" \/><\/a><\/p>\n<p><img decoding=\"async\" src=\"https:\/\/hotel-lesalpages.com\/wp-content\/uploads\/2024\/01\/wifi.png\" alt=\"\" width=\"48\" height=\"20\" \/><\/p>\n<p>Free and secure Wifi access<\/p>\n<\/div><\/section><br \/>\n\n<style type=\"text\/css\" data-created_by=\"avia_inline_auto\" id=\"style-css-av-qpo3-e35d965a798f97cc81507cd4e7995e18\">\n#top .hr.hr-invisible.av-qpo3-e35d965a798f97cc81507cd4e7995e18{\nheight:20px;\n}\n<\/style>\n<div  class='hr av-qpo3-e35d965a798f97cc81507cd4e7995e18 hr-invisible  avia-builder-el-14  el_after_av_textblock  el_before_av_image '><span class='hr-inner '><span class=\"hr-inner-style\"><\/span><\/span><\/div><br \/>\n\n<style type=\"text\/css\" data-created_by=\"avia_inline_auto\" id=\"style-css-av-lrukmn1b-9c9f46e2daa9b1ee4760c5bbb3720928\">\n.avia-image-container.av-lrukmn1b-9c9f46e2daa9b1ee4760c5bbb3720928 img.avia_image{\nbox-shadow:none;\n}\n.avia-image-container.av-lrukmn1b-9c9f46e2daa9b1ee4760c5bbb3720928 .av-image-caption-overlay-center{\ncolor:#ffffff;\n}\n<\/style>\n<div  class='avia-image-container av-lrukmn1b-9c9f46e2daa9b1ee4760c5bbb3720928 av-styling- avia-align-center  avia-builder-el-15  el_after_av_hr  avia-builder-el-last '   itemprop=\"image\" itemscope=\"itemscope\" itemtype=\"https:\/\/schema.org\/ImageObject\" ><div class=\"avia-image-container-inner\"><div class=\"avia-image-overlay-wrap\"><img class='avia_image ' src='https:\/\/hotel-lesalpages.com\/wp-content\/uploads\/2024\/01\/sidebar-02.jpg' alt='' title='sidebar-02'  height=\"495\" width=\"290\"  itemprop=\"thumbnailUrl\"  \/><\/div><\/div><\/div><\/p><\/div><\/div><!--close flex column wrapper. Autoclose: 1 -->\n","protected":false},"excerpt":{"rendered":"","protected":false},"author":1,"featured_media":0,"parent":0,"menu_order":0,"comment_status":"closed","ping_status":"closed","template":"","meta":{"footnotes":""},"class_list":["post-2307","page","type-page","status-publish","hentry"],"yoast_head":"<!-- This site is optimized with the Yoast SEO plugin v27.5 - https:\/\/yoast.com\/product\/yoast-seo-wordpress\/ -->\n<title>Contact - H\u00f4tel Les Alpages - SITE OFFICIEL - H\u00f4tel*** Restaurant dans le Jura (39) \u00e0 Bonlieu<\/title>\n<meta name=\"robots\" content=\"index, follow, max-snippet:-1, max-image-preview:large, max-video-preview:-1\" \/>\n<link rel=\"canonical\" href=\"https:\/\/hotel-lesalpages.com\/en\/hotel-restaurant-jura-location-contact\/\" \/>\n<meta property=\"og:locale\" content=\"en_US\" \/>\n<meta property=\"og:type\" content=\"article\" \/>\n<meta property=\"og:title\" content=\"Contact - H\u00f4tel Les Alpages - SITE OFFICIEL - H\u00f4tel*** Restaurant dans le Jura (39) \u00e0 Bonlieu\" \/>\n<meta property=\"og:url\" content=\"https:\/\/hotel-lesalpages.com\/en\/hotel-restaurant-jura-location-contact\/\" \/>\n<meta property=\"og:site_name\" content=\"H\u00f4tel Les Alpages - SITE OFFICIEL - H\u00f4tel*** Restaurant dans le Jura (39) \u00e0 Bonlieu\" \/>\n<meta property=\"article:publisher\" content=\"https:\/\/www.facebook.com\/Htel-Les-Alpages-102579714817700\" \/>\n<meta property=\"article:modified_time\" content=\"2024-06-17T13:55:42+00:00\" \/>\n<meta property=\"og:image\" content=\"https:\/\/atelier-qi-gong.com\/wp-content\/uploads\/2022\/05\/logo-facebook.png\" \/>\n<meta name=\"twitter:card\" content=\"summary_large_image\" \/>\n<meta name=\"twitter:label1\" content=\"Est. reading time\" \/>\n\t<meta name=\"twitter:data1\" content=\"2 minutes\" \/>\n<script type=\"application\/ld+json\" class=\"yoast-schema-graph\">{\"@context\":\"https:\\\/\\\/schema.org\",\"@graph\":[{\"@type\":\"WebPage\",\"@id\":\"https:\\\/\\\/hotel-lesalpages.com\\\/en\\\/hotel-restaurant-jura-location-contact\\\/\",\"url\":\"https:\\\/\\\/hotel-lesalpages.com\\\/en\\\/hotel-restaurant-jura-location-contact\\\/\",\"name\":\"Contact - H\u00f4tel Les Alpages - SITE OFFICIEL - H\u00f4tel*** Restaurant dans le Jura (39) \u00e0 Bonlieu\",\"isPartOf\":{\"@id\":\"https:\\\/\\\/hotel-lesalpages.com\\\/en\\\/#website\"},\"primaryImageOfPage\":{\"@id\":\"https:\\\/\\\/hotel-lesalpages.com\\\/en\\\/hotel-restaurant-jura-location-contact\\\/#primaryimage\"},\"image\":{\"@id\":\"https:\\\/\\\/hotel-lesalpages.com\\\/en\\\/hotel-restaurant-jura-location-contact\\\/#primaryimage\"},\"thumbnailUrl\":\"https:\\\/\\\/atelier-qi-gong.com\\\/wp-content\\\/uploads\\\/2022\\\/05\\\/logo-facebook.png\",\"datePublished\":\"2014-09-26T15:23:42+00:00\",\"dateModified\":\"2024-06-17T13:55:42+00:00\",\"breadcrumb\":{\"@id\":\"https:\\\/\\\/hotel-lesalpages.com\\\/en\\\/hotel-restaurant-jura-location-contact\\\/#breadcrumb\"},\"inLanguage\":\"en-US\",\"potentialAction\":[{\"@type\":\"ReadAction\",\"target\":[\"https:\\\/\\\/hotel-lesalpages.com\\\/en\\\/hotel-restaurant-jura-location-contact\\\/\"]}]},{\"@type\":\"ImageObject\",\"inLanguage\":\"en-US\",\"@id\":\"https:\\\/\\\/hotel-lesalpages.com\\\/en\\\/hotel-restaurant-jura-location-contact\\\/#primaryimage\",\"url\":\"https:\\\/\\\/atelier-qi-gong.com\\\/wp-content\\\/uploads\\\/2022\\\/05\\\/logo-facebook.png\",\"contentUrl\":\"https:\\\/\\\/atelier-qi-gong.com\\\/wp-content\\\/uploads\\\/2022\\\/05\\\/logo-facebook.png\"},{\"@type\":\"BreadcrumbList\",\"@id\":\"https:\\\/\\\/hotel-lesalpages.com\\\/en\\\/hotel-restaurant-jura-location-contact\\\/#breadcrumb\",\"itemListElement\":[{\"@type\":\"ListItem\",\"position\":1,\"name\":\"Accueil\",\"item\":\"https:\\\/\\\/hotel-lesalpages.com\\\/en\\\/\"},{\"@type\":\"ListItem\",\"position\":2,\"name\":\"Contact\"}]},{\"@type\":\"WebSite\",\"@id\":\"https:\\\/\\\/hotel-lesalpages.com\\\/en\\\/#website\",\"url\":\"https:\\\/\\\/hotel-lesalpages.com\\\/en\\\/\",\"name\":\"H\u00f4tel Les Alpages - SITE OFFICIEL - H\u00f4tel*** Restaurant dans le Jura (39) \u00e0 Bonlieu\",\"description\":\"H\u00f4tel Restaurant 3 \u00e9toiles dans le Jura Les Alpages\",\"publisher\":{\"@id\":\"https:\\\/\\\/hotel-lesalpages.com\\\/en\\\/#organization\"},\"potentialAction\":[{\"@type\":\"SearchAction\",\"target\":{\"@type\":\"EntryPoint\",\"urlTemplate\":\"https:\\\/\\\/hotel-lesalpages.com\\\/en\\\/?s={search_term_string}\"},\"query-input\":{\"@type\":\"PropertyValueSpecification\",\"valueRequired\":true,\"valueName\":\"search_term_string\"}}],\"inLanguage\":\"en-US\"},{\"@type\":\"Organization\",\"@id\":\"https:\\\/\\\/hotel-lesalpages.com\\\/en\\\/#organization\",\"name\":\"H\u00f4tel Les Alpages - SITE OFFICIEL - H\u00f4tel*** Restaurant dans le Jura (39) \u00e0 Bonlieu\",\"alternateName\":\"Les Alpages, H\u00f4tel 3 \u00e9toiles restaurant \u00e0 Bonlieu dans le Jura\",\"url\":\"https:\\\/\\\/hotel-lesalpages.com\\\/en\\\/\",\"logo\":{\"@type\":\"ImageObject\",\"inLanguage\":\"en-US\",\"@id\":\"https:\\\/\\\/hotel-lesalpages.com\\\/en\\\/#\\\/schema\\\/logo\\\/image\\\/\",\"url\":\"https:\\\/\\\/hotel-lesalpages.com\\\/wp-content\\\/uploads\\\/2024\\\/05\\\/Logo-Les-Alpages.jpg\",\"contentUrl\":\"https:\\\/\\\/hotel-lesalpages.com\\\/wp-content\\\/uploads\\\/2024\\\/05\\\/Logo-Les-Alpages.jpg\",\"width\":532,\"height\":254,\"caption\":\"H\u00f4tel Les Alpages - SITE OFFICIEL - H\u00f4tel*** Restaurant dans le Jura (39) \u00e0 Bonlieu\"},\"image\":{\"@id\":\"https:\\\/\\\/hotel-lesalpages.com\\\/en\\\/#\\\/schema\\\/logo\\\/image\\\/\"},\"sameAs\":[\"https:\\\/\\\/www.facebook.com\\\/Htel-Les-Alpages-102579714817700\",\"https:\\\/\\\/instagram.com\\\/hotel_les_alpages\"]}]}<\/script>\n<!-- \/ Yoast SEO plugin. -->","yoast_head_json":{"title":"Contact - H\u00f4tel Les Alpages - SITE OFFICIEL - H\u00f4tel*** Restaurant dans le Jura (39) \u00e0 Bonlieu","robots":{"index":"index","follow":"follow","max-snippet":"max-snippet:-1","max-image-preview":"max-image-preview:large","max-video-preview":"max-video-preview:-1"},"canonical":"https:\/\/hotel-lesalpages.com\/en\/hotel-restaurant-jura-location-contact\/","og_locale":"en_US","og_type":"article","og_title":"Contact - H\u00f4tel Les Alpages - SITE OFFICIEL - H\u00f4tel*** Restaurant dans le Jura (39) \u00e0 Bonlieu","og_url":"https:\/\/hotel-lesalpages.com\/en\/hotel-restaurant-jura-location-contact\/","og_site_name":"H\u00f4tel Les Alpages - SITE OFFICIEL - H\u00f4tel*** Restaurant dans le Jura (39) \u00e0 Bonlieu","article_publisher":"https:\/\/www.facebook.com\/Htel-Les-Alpages-102579714817700","article_modified_time":"2024-06-17T13:55:42+00:00","og_image":[{"url":"https:\/\/atelier-qi-gong.com\/wp-content\/uploads\/2022\/05\/logo-facebook.png","type":"","width":"","height":""}],"twitter_card":"summary_large_image","twitter_misc":{"Est. reading time":"2 minutes"},"schema":{"@context":"https:\/\/schema.org","@graph":[{"@type":"WebPage","@id":"https:\/\/hotel-lesalpages.com\/en\/hotel-restaurant-jura-location-contact\/","url":"https:\/\/hotel-lesalpages.com\/en\/hotel-restaurant-jura-location-contact\/","name":"Contact - H\u00f4tel Les Alpages - SITE OFFICIEL - H\u00f4tel*** Restaurant dans le Jura (39) \u00e0 Bonlieu","isPartOf":{"@id":"https:\/\/hotel-lesalpages.com\/en\/#website"},"primaryImageOfPage":{"@id":"https:\/\/hotel-lesalpages.com\/en\/hotel-restaurant-jura-location-contact\/#primaryimage"},"image":{"@id":"https:\/\/hotel-lesalpages.com\/en\/hotel-restaurant-jura-location-contact\/#primaryimage"},"thumbnailUrl":"https:\/\/atelier-qi-gong.com\/wp-content\/uploads\/2022\/05\/logo-facebook.png","datePublished":"2014-09-26T15:23:42+00:00","dateModified":"2024-06-17T13:55:42+00:00","breadcrumb":{"@id":"https:\/\/hotel-lesalpages.com\/en\/hotel-restaurant-jura-location-contact\/#breadcrumb"},"inLanguage":"en-US","potentialAction":[{"@type":"ReadAction","target":["https:\/\/hotel-lesalpages.com\/en\/hotel-restaurant-jura-location-contact\/"]}]},{"@type":"ImageObject","inLanguage":"en-US","@id":"https:\/\/hotel-lesalpages.com\/en\/hotel-restaurant-jura-location-contact\/#primaryimage","url":"https:\/\/atelier-qi-gong.com\/wp-content\/uploads\/2022\/05\/logo-facebook.png","contentUrl":"https:\/\/atelier-qi-gong.com\/wp-content\/uploads\/2022\/05\/logo-facebook.png"},{"@type":"BreadcrumbList","@id":"https:\/\/hotel-lesalpages.com\/en\/hotel-restaurant-jura-location-contact\/#breadcrumb","itemListElement":[{"@type":"ListItem","position":1,"name":"Accueil","item":"https:\/\/hotel-lesalpages.com\/en\/"},{"@type":"ListItem","position":2,"name":"Contact"}]},{"@type":"WebSite","@id":"https:\/\/hotel-lesalpages.com\/en\/#website","url":"https:\/\/hotel-lesalpages.com\/en\/","name":"H\u00f4tel Les Alpages - SITE OFFICIEL - H\u00f4tel*** Restaurant dans le Jura (39) \u00e0 Bonlieu","description":"H\u00f4tel Restaurant 3 \u00e9toiles dans le Jura Les Alpages","publisher":{"@id":"https:\/\/hotel-lesalpages.com\/en\/#organization"},"potentialAction":[{"@type":"SearchAction","target":{"@type":"EntryPoint","urlTemplate":"https:\/\/hotel-lesalpages.com\/en\/?s={search_term_string}"},"query-input":{"@type":"PropertyValueSpecification","valueRequired":true,"valueName":"search_term_string"}}],"inLanguage":"en-US"},{"@type":"Organization","@id":"https:\/\/hotel-lesalpages.com\/en\/#organization","name":"H\u00f4tel Les Alpages - SITE OFFICIEL - H\u00f4tel*** Restaurant dans le Jura (39) \u00e0 Bonlieu","alternateName":"Les Alpages, H\u00f4tel 3 \u00e9toiles restaurant \u00e0 Bonlieu dans le Jura","url":"https:\/\/hotel-lesalpages.com\/en\/","logo":{"@type":"ImageObject","inLanguage":"en-US","@id":"https:\/\/hotel-lesalpages.com\/en\/#\/schema\/logo\/image\/","url":"https:\/\/hotel-lesalpages.com\/wp-content\/uploads\/2024\/05\/Logo-Les-Alpages.jpg","contentUrl":"https:\/\/hotel-lesalpages.com\/wp-content\/uploads\/2024\/05\/Logo-Les-Alpages.jpg","width":532,"height":254,"caption":"H\u00f4tel Les Alpages - SITE OFFICIEL - H\u00f4tel*** Restaurant dans le Jura (39) \u00e0 Bonlieu"},"image":{"@id":"https:\/\/hotel-lesalpages.com\/en\/#\/schema\/logo\/image\/"},"sameAs":["https:\/\/www.facebook.com\/Htel-Les-Alpages-102579714817700","https:\/\/instagram.com\/hotel_les_alpages"]}]}},"_links":{"self":[{"href":"https:\/\/hotel-lesalpages.com\/en\/wp-json\/wp\/v2\/pages\/2307","targetHints":{"allow":["GET"]}}],"collection":[{"href":"https:\/\/hotel-lesalpages.com\/en\/wp-json\/wp\/v2\/pages"}],"about":[{"href":"https:\/\/hotel-lesalpages.com\/en\/wp-json\/wp\/v2\/types\/page"}],"author":[{"embeddable":true,"href":"https:\/\/hotel-lesalpages.com\/en\/wp-json\/wp\/v2\/users\/1"}],"replies":[{"embeddable":true,"href":"https:\/\/hotel-lesalpages.com\/en\/wp-json\/wp\/v2\/comments?post=2307"}],"version-history":[{"count":0,"href":"https:\/\/hotel-lesalpages.com\/en\/wp-json\/wp\/v2\/pages\/2307\/revisions"}],"wp:attachment":[{"href":"https:\/\/hotel-lesalpages.com\/en\/wp-json\/wp\/v2\/media?parent=2307"}],"curies":[{"name":"wp","href":"https:\/\/api.w.org\/{rel}","templated":true}]}}